{"id":1009,"date":"2024-02-02T11:57:35","date_gmt":"2024-02-02T14:57:35","guid":{"rendered":"https:\/\/infraaquecedores.com.br\/?page_id=1009"},"modified":"2024-02-08T11:37:49","modified_gmt":"2024-02-08T14:37:49","slug":"rinnai-4-2-2-2-6-2-2","status":"publish","type":"page","link":"https:\/\/infraaquecedores.com.br\/index.php\/rinnai-4-2-2-2-6-2-2\/","title":{"rendered":"Bomba de Circula\u00e7\u00e3o KOMECO TP 40"},"content":{"rendered":"\t\t<div data-elementor-type=\"wp-page\" data-elementor-id=\"1009\" class=\"elementor elementor-1009\" data-elementor-post-type=\"page\">\n\t\t\t\t\t\t<section class=\"elementor-section elementor-top-section elementor-element elementor-element-7702b05a elementor-reverse-tablet elementor-reverse-mobile elementor-section-boxed elementor-section-height-default elementor-section-height-default\" data-id=\"7702b05a\" data-element_type=\"section\">\n\t\t\t\t\t\t<div class=\"elementor-container elementor-column-gap-default\">\n\t\t\t\t\t<div class=\"elementor-column elementor-col-33 elementor-top-column elementor-element elementor-element-2585ca03 elementor-invisible\" data-id=\"2585ca03\" data-element_type=\"column\" data-settings=\"{&quot;animation&quot;:&quot;fadeIn&quot;,&quot;animation_delay&quot;:300}\">\n\t\t\t<div class=\"elementor-widget-wrap elementor-element-populated\">\n\t\t\t\t\t\t<section class=\"elementor-section elementor-inner-section elementor-element elementor-element-2bb3f1ea elementor-section-boxed elementor-section-height-default elementor-section-height-default\" data-id=\"2bb3f1ea\" data-element_type=\"section\" data-settings=\"{&quot;background_background&quot;:&quot;classic&quot;}\">\n\t\t\t\t\t\t\t<div class=\"elementor-background-overlay\"><\/div>\n\t\t\t\t\t\t\t<div class=\"elementor-container elementor-column-gap-default\">\n\t\t\t\t\t<div class=\"elementor-column elementor-col-100 elementor-inner-column elementor-element elementor-element-4850b5b4\" data-id=\"4850b5b4\" data-element_type=\"column\">\n\t\t\t<div class=\"elementor-widget-wrap elementor-element-populated\">\n\t\t\t\t\t\t<div class=\"elementor-element elementor-element-49169db3 elementor-widget elementor-widget-heading\" data-id=\"49169db3\" data-element_type=\"widget\" data-widget_type=\"heading.default\">\n\t\t\t\t<div class=\"elementor-widget-container\">\n\t\t\t\t\t<div class=\"elementor-heading-title elementor-size-default\">Bomba de Circula\u00e7\u00e3o TP 40<\/div>\t\t\t\t<\/div>\n\t\t\t\t<\/div>\n\t\t\t\t\t<\/div>\n\t\t<\/div>\n\t\t\t\t\t<\/div>\n\t\t<\/section>\n\t\t\t\t<div class=\"elementor-element elementor-element-16d94f4 elementor-widget elementor-widget-image\" data-id=\"16d94f4\" data-element_type=\"widget\" data-widget_type=\"image.default\">\n\t\t\t\t<div class=\"elementor-widget-container\">\n\t\t\t\t\t\t\t\t\t\t\t\t\t\t\t<img fetchpriority=\"high\" decoding=\"async\" width=\"751\" height=\"1024\" src=\"https:\/\/infraaquecedores.com.br\/wp-content\/uploads\/2024\/02\/g4-frente-bronze-751x1024.png\" class=\"attachment-large size-large wp-image-1011\" alt=\"\" srcset=\"https:\/\/infraaquecedores.com.br\/wp-content\/uploads\/2024\/02\/g4-frente-bronze-751x1024.png 751w, https:\/\/infraaquecedores.com.br\/wp-content\/uploads\/2024\/02\/g4-frente-bronze-220x300.png 220w, https:\/\/infraaquecedores.com.br\/wp-content\/uploads\/2024\/02\/g4-frente-bronze-768x1047.png 768w, https:\/\/infraaquecedores.com.br\/wp-content\/uploads\/2024\/02\/g4-frente-bronze-1127x1536.png 1127w, https:\/\/infraaquecedores.com.br\/wp-content\/uploads\/2024\/02\/g4-frente-bronze-1502x2048.png 1502w, https:\/\/infraaquecedores.com.br\/wp-content\/uploads\/2024\/02\/g4-frente-bronze.png 1541w\" sizes=\"(max-width: 751px) 100vw, 751px\" \/>\t\t\t\t\t\t\t\t\t\t\t\t\t\t\t<\/div>\n\t\t\t\t<\/div>\n\t\t\t\t<div class=\"elementor-element elementor-element-28b4a96b elementor-align-justify elementor-widget elementor-widget-button\" data-id=\"28b4a96b\" data-element_type=\"widget\" data-widget_type=\"button.default\">\n\t\t\t\t<div class=\"elementor-widget-container\">\n\t\t\t\t\t\t\t\t\t<div class=\"elementor-button-wrapper\">\n\t\t\t\t\t<a class=\"elementor-button elementor-button-link elementor-size-md\" href=\"https:\/\/api.whatsapp.com\/send?phone=5511963400475&#038;text=Ol%C3%A1,%20tenho%20interesse%20na%20Bomba%20de%20Circula%C3%A7%C3%A3o%20TP%2040,%20pode%20me%20ajudar?\">\n\t\t\t\t\t\t<span class=\"elementor-button-content-wrapper\">\n\t\t\t\t\t\t\t\t\t<span class=\"elementor-button-text\">COMPRAR<\/span>\n\t\t\t\t\t<\/span>\n\t\t\t\t\t<\/a>\n\t\t\t\t<\/div>\n\t\t\t\t\t\t\t\t<\/div>\n\t\t\t\t<\/div>\n\t\t\t\t<div class=\"elementor-element elementor-element-af2bd64 elementor-align-justify elementor-widget elementor-widget-button\" data-id=\"af2bd64\" data-element_type=\"widget\" data-widget_type=\"button.default\">\n\t\t\t\t<div class=\"elementor-widget-container\">\n\t\t\t\t\t\t\t\t\t<div class=\"elementor-button-wrapper\">\n\t\t\t\t\t<a class=\"elementor-button elementor-button-link elementor-size-md\" href=\"https:\/\/www.komeco.com.br\/arquivos\/datasheet\/bombas-pressurizadores\/bomba-de-circulacao\/datasheet-bomba-tp-40.pdf\">\n\t\t\t\t\t\t<span class=\"elementor-button-content-wrapper\">\n\t\t\t\t\t\t<span class=\"elementor-button-icon\">\n\t\t\t\t<svg aria-hidden=\"true\" class=\"e-font-icon-svg e-fas-file-pdf\" viewBox=\"0 0 384 512\" xmlns=\"http:\/\/www.w3.org\/2000\/svg\"><path d=\"M181.9 256.1c-5-16-4.9-46.9-2-46.9 8.4 0 7.6 36.9 2 46.9zm-1.7 47.2c-7.7 20.2-17.3 43.3-28.4 62.7 18.3-7 39-17.2 62.9-21.9-12.7-9.6-24.9-23.4-34.5-40.8zM86.1 428.1c0 .8 13.2-5.4 34.9-40.2-6.7 6.3-29.1 24.5-34.9 40.2zM248 160h136v328c0 13.3-10.7 24-24 24H24c-13.3 0-24-10.7-24-24V24C0 10.7 10.7 0 24 0h200v136c0 13.2 10.8 24 24 24zm-8 171.8c-20-12.2-33.3-29-42.7-53.8 4.5-18.5 11.6-46.6 6.2-64.2-4.7-29.4-42.4-26.5-47.8-6.8-5 18.3-.4 44.1 8.1 77-11.6 27.6-28.7 64.6-40.8 85.8-.1 0-.1.1-.2.1-27.1 13.9-73.6 44.5-54.5 68 5.6 6.9 16 10 21.5 10 17.9 0 35.7-18 61.1-61.8 25.8-8.5 54.1-19.1 79-23.2 21.7 11.8 47.1 19.5 64 19.5 29.2 0 31.2-32 19.7-43.4-13.9-13.6-54.3-9.7-73.6-7.2zM377 105L279 7c-4.5-4.5-10.6-7-17-7h-6v128h128v-6.1c0-6.3-2.5-12.4-7-16.9zm-74.1 255.3c4.1-2.7-2.5-11.9-42.8-9 37.1 15.8 42.8 9 42.8 9z\"><\/path><\/svg>\t\t\t<\/span>\n\t\t\t\t\t\t\t\t\t<span class=\"elementor-button-text\">cat\u00e1logo<\/span>\n\t\t\t\t\t<\/span>\n\t\t\t\t\t<\/a>\n\t\t\t\t<\/div>\n\t\t\t\t\t\t\t\t<\/div>\n\t\t\t\t<\/div>\n\t\t\t\t<div class=\"elementor-element elementor-element-e52dbe8 elementor-align-justify elementor-widget elementor-widget-button\" data-id=\"e52dbe8\" data-element_type=\"widget\" data-widget_type=\"button.default\">\n\t\t\t\t<div class=\"elementor-widget-container\">\n\t\t\t\t\t\t\t\t\t<div class=\"elementor-button-wrapper\">\n\t\t\t\t\t<a class=\"elementor-button elementor-button-link elementor-size-md\" href=\"https:\/\/www.komeco.com.br\/arquivos\/manuais\/bombas-pressurizadores\/bomba-de-circulacao\/manual-bomba-tp-40.pdf\">\n\t\t\t\t\t\t<span class=\"elementor-button-content-wrapper\">\n\t\t\t\t\t\t<span class=\"elementor-button-icon\">\n\t\t\t\t<svg aria-hidden=\"true\" class=\"e-font-icon-svg e-fas-file-pdf\" viewBox=\"0 0 384 512\" xmlns=\"http:\/\/www.w3.org\/2000\/svg\"><path d=\"M181.9 256.1c-5-16-4.9-46.9-2-46.9 8.4 0 7.6 36.9 2 46.9zm-1.7 47.2c-7.7 20.2-17.3 43.3-28.4 62.7 18.3-7 39-17.2 62.9-21.9-12.7-9.6-24.9-23.4-34.5-40.8zM86.1 428.1c0 .8 13.2-5.4 34.9-40.2-6.7 6.3-29.1 24.5-34.9 40.2zM248 160h136v328c0 13.3-10.7 24-24 24H24c-13.3 0-24-10.7-24-24V24C0 10.7 10.7 0 24 0h200v136c0 13.2 10.8 24 24 24zm-8 171.8c-20-12.2-33.3-29-42.7-53.8 4.5-18.5 11.6-46.6 6.2-64.2-4.7-29.4-42.4-26.5-47.8-6.8-5 18.3-.4 44.1 8.1 77-11.6 27.6-28.7 64.6-40.8 85.8-.1 0-.1.1-.2.1-27.1 13.9-73.6 44.5-54.5 68 5.6 6.9 16 10 21.5 10 17.9 0 35.7-18 61.1-61.8 25.8-8.5 54.1-19.1 79-23.2 21.7 11.8 47.1 19.5 64 19.5 29.2 0 31.2-32 19.7-43.4-13.9-13.6-54.3-9.7-73.6-7.2zM377 105L279 7c-4.5-4.5-10.6-7-17-7h-6v128h128v-6.1c0-6.3-2.5-12.4-7-16.9zm-74.1 255.3c4.1-2.7-2.5-11.9-42.8-9 37.1 15.8 42.8 9 42.8 9z\"><\/path><\/svg>\t\t\t<\/span>\n\t\t\t\t\t\t\t\t\t<span class=\"elementor-button-text\">manual<\/span>\n\t\t\t\t\t<\/span>\n\t\t\t\t\t<\/a>\n\t\t\t\t<\/div>\n\t\t\t\t\t\t\t\t<\/div>\n\t\t\t\t<\/div>\n\t\t\t\t\t<\/div>\n\t\t<\/div>\n\t\t\t\t<div class=\"elementor-column elementor-col-66 elementor-top-column elementor-element elementor-element-1ebe1f8a elementor-invisible\" data-id=\"1ebe1f8a\" data-element_type=\"column\" data-settings=\"{&quot;animation&quot;:&quot;fadeIn&quot;,&quot;animation_delay&quot;:200}\">\n\t\t\t<div class=\"elementor-widget-wrap elementor-element-populated\">\n\t\t\t\t\t\t<div class=\"elementor-element elementor-element-5580a2c3 elementor-skin-carousel elementor-pagination-type-bullets elementor-pagination-position-outside elementor-widget elementor-widget-media-carousel\" data-id=\"5580a2c3\" data-element_type=\"widget\" data-settings=\"{&quot;slides_per_view&quot;:&quot;3&quot;,&quot;slides_to_scroll&quot;:&quot;1&quot;,&quot;lazyload&quot;:&quot;yes&quot;,&quot;space_between&quot;:{&quot;unit&quot;:&quot;px&quot;,&quot;size&quot;:14,&quot;sizes&quot;:[]},&quot;skin&quot;:&quot;carousel&quot;,&quot;effect&quot;:&quot;slide&quot;,&quot;pagination&quot;:&quot;bullets&quot;,&quot;speed&quot;:500,&quot;autoplay&quot;:&quot;yes&quot;,&quot;autoplay_speed&quot;:5000,&quot;loop&quot;:&quot;yes&quot;,&quot;pause_on_hover&quot;:&quot;yes&quot;,&quot;pause_on_interaction&quot;:&quot;yes&quot;,&quot;space_between_tablet&quot;:{&quot;unit&quot;:&quot;px&quot;,&quot;size&quot;:10,&quot;sizes&quot;:[]},&quot;space_between_mobile&quot;:{&quot;unit&quot;:&quot;px&quot;,&quot;size&quot;:10,&quot;sizes&quot;:[]}}\" data-widget_type=\"media-carousel.default\">\n\t\t\t\t<div class=\"elementor-widget-container\">\n\t\t\t\t\t\t\t<div class=\"elementor-swiper\">\n\t\t\t<div class=\"elementor-main-swiper swiper\">\n\t\t\t\t<div class=\"swiper-wrapper\">\n\t\t\t\t\t\t\t\t\t\t\t<div class=\"swiper-slide\">\n\t\t\t\t\t\t\t\t\t<div class=\"elementor-carousel-image swiper-lazy\" role=\"img\" aria-label=\"g4 lateral bronze\" data-background=\"https:\/\/infraaquecedores.com.br\/wp-content\/uploads\/2024\/02\/g4-lateral-bronze.png\">\n\n\t\t\t\t\t\t\t<div class=\"swiper-lazy-preloader\"><\/div>\n\t\t\t\n\t\t\t\t\t<\/div>\n\t\t\t\t\t\t\t\t<\/div>\n\t\t\t\t\t\t\t\t\t\t\t<div class=\"swiper-slide\">\n\t\t\t\t\t\t\t\t\t<div class=\"elementor-carousel-image swiper-lazy\" role=\"img\" aria-label=\"tp40 g4 frente ferro\" data-background=\"https:\/\/infraaquecedores.com.br\/wp-content\/uploads\/2024\/02\/tp40-g4-frente-ferro-scaled.jpg\">\n\n\t\t\t\t\t\t\t<div class=\"swiper-lazy-preloader\"><\/div>\n\t\t\t\n\t\t\t\t\t<\/div>\n\t\t\t\t\t\t\t\t<\/div>\n\t\t\t\t\t\t\t\t\t\t\t<div class=\"swiper-slide\">\n\t\t\t\t\t\t\t\t\t<div class=\"elementor-carousel-image swiper-lazy\" role=\"img\" aria-label=\"tp40 g4 lado ferro\" data-background=\"https:\/\/infraaquecedores.com.br\/wp-content\/uploads\/2024\/02\/tp40-g4-lado-ferro-scaled.jpg\">\n\n\t\t\t\t\t\t\t<div class=\"swiper-lazy-preloader\"><\/div>\n\t\t\t\n\t\t\t\t\t<\/div>\n\t\t\t\t\t\t\t\t<\/div>\n\t\t\t\t\t\t\t\t\t<\/div>\n\t\t\t\t\t\t\t\t\t\t\t\t\t\t\t<div class=\"swiper-pagination\"><\/div>\n\t\t\t\t\t\t\t\t\t\t\t\t\t\t\t\t\t<\/div>\n\t\t<\/div>\n\t\t\t\t\t\t<\/div>\n\t\t\t\t<\/div>\n\t\t\t\t<div class=\"elementor-element elementor-element-284243e1 elementor-widget elementor-widget-heading\" data-id=\"284243e1\" data-element_type=\"widget\" data-widget_type=\"heading.default\">\n\t\t\t\t<div class=\"elementor-widget-container\">\n\t\t\t\t\t<h3 class=\"elementor-heading-title elementor-size-default\">diSCRIMINA\u00c7\u00c3O DO PRODUTO<\/h3>\t\t\t\t<\/div>\n\t\t\t\t<\/div>\n\t\t\t\t<div class=\"elementor-element elementor-element-51e6196c elementor-widget elementor-widget-text-editor\" data-id=\"51e6196c\" data-element_type=\"widget\" data-widget_type=\"text-editor.default\">\n\t\t\t\t<div class=\"elementor-widget-container\">\n\t\t\t\t\t\t\t\t\t<section class=\"elementor-section elementor-top-section elementor-element elementor-element-771b8904 elementor-section-boxed elementor-section-height-default elementor-section-height-default\" data-id=\"771b8904\" data-element_type=\"section\"><div class=\"elementor-container elementor-column-gap-default\"><div class=\"elementor-column elementor-col-100 elementor-top-column elementor-element elementor-element-180e9a4e\" data-id=\"180e9a4e\" data-element_type=\"column\"><div class=\"elementor-widget-wrap elementor-element-populated\"><div class=\"elementor-element elementor-element-49a669eb elementor-widget elementor-widget-heading\" data-id=\"49a669eb\" data-element_type=\"widget\" data-widget_type=\"heading.default\"><div class=\"elementor-widget-container\"><p class=\"elementor-heading-title elementor-size-default\">\u00a0<\/p><\/div><\/div><\/div><\/div><\/div><\/section><section class=\"elementor-section elementor-top-section elementor-element elementor-element-015855a elementor-section-boxed elementor-section-height-default elementor-section-height-default\" data-id=\"015855a\" data-element_type=\"section\"><div class=\"elementor-container elementor-column-gap-default\"><div class=\"elementor-column elementor-col-100 elementor-top-column elementor-element elementor-element-d2ccc38\" data-id=\"d2ccc38\" data-element_type=\"column\"><div class=\"elementor-widget-wrap elementor-element-populated\"><div class=\"elementor-element elementor-element-97f6388 elementor-testimonial--skin-default elementor-testimonial--layout-image_inline elementor-testimonial--align-center elementor-arrows-yes elementor-pagination-type-bullets elementor-widget elementor-widget-testimonial-carousel\" data-id=\"97f6388\" data-element_type=\"widget\" data-settings=\"{&quot;show_arrows&quot;:&quot;yes&quot;,&quot;pagination&quot;:&quot;bullets&quot;,&quot;speed&quot;:500,&quot;loop&quot;:&quot;yes&quot;,&quot;space_between&quot;:{&quot;unit&quot;:&quot;px&quot;,&quot;size&quot;:10,&quot;sizes&quot;:[]},&quot;space_between_laptop&quot;:{&quot;unit&quot;:&quot;px&quot;,&quot;size&quot;:10,&quot;sizes&quot;:[]},&quot;space_between_tablet&quot;:{&quot;unit&quot;:&quot;px&quot;,&quot;size&quot;:10,&quot;sizes&quot;:[]},&quot;space_between_mobile&quot;:{&quot;unit&quot;:&quot;px&quot;,&quot;size&quot;:10,&quot;sizes&quot;:[]}}\" data-widget_type=\"testimonial-carousel.default\"><div class=\"elementor-widget-container\"><div class=\"elementor-swiper\"><div class=\"elementor-main-swiper swiper-container\"><div class=\"swiper-wrapper\"><div class=\"swiper-slide\"><div class=\"elementor-testimonial\"><div class=\"elementor-testimonial__content\"><div class=\"elementor-testimonial__text\"><table id=\"dalt-table-411\" class=\"dalt-table\" data-enable-sorting=\"0\" data-enable-manual-sorting=\"0\" data-show-position=\"0\" data-position-side=\"left\" data-position-label=\"#\" data-number-format=\"0\" data-order-desc-asc-1=\"0\" data-order-by-1=\"1\" data-order-data-type-1=\"auto\" data-order-date-format-1=\"ddmmyyyy\" data-order-desc-asc-2=\"0\" data-order-by-2=\"1\" data-order-data-type-2=\"auto\" data-order-date-format-2=\"ddmmyyyy\" data-order-desc-asc-3=\"0\" data-order-by-3=\"1\" data-order-data-type-3=\"auto\" data-order-date-format-3=\"ddmmyyyy\" data-order-desc-asc-4=\"0\" data-order-by-4=\"1\" data-order-data-type-4=\"auto\" data-order-date-format-4=\"ddmmyyyy\" data-order-desc-asc-5=\"0\" data-order-by-5=\"1\" data-order-data-type-5=\"auto\" data-order-date-format-5=\"ddmmyyyy\" data-table-layout=\"0\" data-table-width=\"0\" data-table-width-value=\"400\" data-table-minimum-width=\"0\" data-table-margin-top=\"20\" data-table-margin-bottom=\"20\" data-enable-container=\"0\" data-container-width=\"400\" data-container-height=\"400\" data-show-header=\"1\" data-sticky-header=\"0\" data-header-font-size=\"11\" data-header-font-family=\"'Open Sans', Helvetica, Arial, sans-serif\" data-header-font-weight=\"400\" data-header-font-style=\"normal\" data-header-background-color=\"#ff0000\" data-header-font-color=\"#FFFFFF\" data-header-link-color=\"#FFFFFF\" data-header-border-color=\"#ff0000\" data-header-position-alignment=\"center\" data-body-font-size=\"11\" data-body-font-family=\"'Open Sans', Helvetica, Arial, sans-serif\" data-body-font-weight=\"400\" data-body-font-style=\"normal\" data-even-rows-background-color=\"#FFFFFF\" data-odd-rows-background-color=\"#FCFCFC\" data-even-rows-font-color=\"#666666\" data-even-rows-link-color=\"#ff0000\" data-odd-rows-font-color=\"#666666\" data-odd-rows-link-color=\"#ff0000\" data-rows-border-color=\"#E1E1E1\" data-caption-show-caption=\"1\" data-caption-caption-side=\"1\" data-caption-text-align=\"1\" data-caption-font-size=\"11\" data-caption-font-family=\"'Open Sans', Helvetica, Arial, sans-serif\" data-caption-font-weight=\"400\" data-caption-font-style=\"normal\" data-caption-font-color=\"#666666\" data-autocolors-priority=\"rows\" data-autocolors-affected-rows-1=\"\" data-autocolors-rows-background-color-1=\"#FFFFFF\" data-autocolors-rows-font-color-1=\"#666666\" data-autocolors-affected-rows-2=\"\" data-autocolors-rows-background-color-2=\"#FFFFFF\" data-autocolors-rows-font-color-2=\"#666666\" data-autocolors-affected-rows-3=\"\" data-autocolors-rows-background-color-3=\"#FFFFFF\" data-autocolors-rows-font-color-3=\"#666666\" data-autocolors-affected-rows-4=\"\" data-autocolors-rows-background-color-4=\"#FFFFFF\" data-autocolors-rows-font-color-4=\"#666666\" data-autocolors-affected-rows-5=\"\" data-autocolors-rows-background-color-5=\"#FFFFFF\" data-autocolors-rows-font-color-5=\"#666666\" data-autocolors-affected-columns-1=\"\" data-autocolors-columns-background-color-1=\"#FFFFFF\" data-autocolors-columns-font-color-1=\"#666666\" data-autocolors-affected-columns-2=\"\" data-autocolors-columns-background-color-2=\"#FFFFFF\" data-autocolors-columns-font-color-2=\"#666666\" data-autocolors-affected-columns-3=\"\" data-autocolors-columns-background-color-3=\"#FFFFFF\" data-autocolors-columns-font-color-3=\"#666666\" data-autocolors-affected-columns-4=\"\" data-autocolors-columns-background-color-4=\"#FFFFFF\" data-autocolors-columns-font-color-4=\"#666666\" data-autocolors-affected-columns-5=\"\" data-autocolors-columns-background-color-5=\"#FFFFFF\" data-autocolors-columns-font-color-5=\"#666666\" data-autoalignment-priority=\"rows\" data-autoalignment-affected-rows-left=\"\" data-autoalignment-affected-rows-center=\"\" data-autoalignment-affected-rows-right=\"\" data-autoalignment-affected-columns-left=\"\" data-autoalignment-affected-columns-center=\"\" data-autoalignment-affected-columns-right=\"\" data-tablet-breakpoint=\"989\" data-hide-tablet-list=\"\" data-tablet-header-font-size=\"11\" data-tablet-body-font-size=\"11\" data-tablet-caption-font-size=\"11\" data-tablet-hide-images=\"0\" data-phone-breakpoint=\"479\" data-hide-phone-list=\"\" data-phone-header-font-size=\"11\" data-phone-body-font-size=\"11\" data-phone-caption-font-size=\"11\" data-phone-hide-images=\"0\" data-enable-cell-properties=\"1\"><thead><tr><th><p><strong>Modelo<\/strong><\/p><\/th><th><p><strong>MINI BOMBA TP 40 G4- FERRO<\/strong><\/p><\/th><th><p><strong>MINI BOMBA TP 40 G4- BRONZE<\/strong><\/p><\/th><\/tr><\/thead><tbody><tr><td><p><strong>Descri\u00e7\u00e3o sistema<\/strong><\/p><\/td><td><p><strong>MINIBOMBA DE \u00c1GUA TP40 G4<\/strong><\/p><\/td><td><p><strong>MINIBOMBA DE \u00c1GUA TP40 G4 BRONZE<\/strong><\/p><\/td><\/tr><tr><td><p><strong>C\u00f3digo de produto<\/strong><\/p><\/td><td><p><strong>100032218(127V) \/ 100032219(220V)<\/strong><\/p><\/td><td><p><strong>0100032215(127V) \/ 0100032216(220V)<\/strong><\/p><\/td><\/tr><tr><td><p><strong>Tens\u00e3o (V)<\/strong><\/p><\/td><td><p><strong>127 ou 220<\/strong><\/p><\/td><td><p><strong>127 ou 220<\/strong><\/p><\/td><\/tr><tr><td><p><strong>Corrente de Opera\u00e7\u00e3o &#8211; A<\/strong><\/p><\/td><td><p><strong>0,94 (127V) &#8211; 0,54 (220V)<\/strong><\/p><\/td><td><p><strong>0,94 (127V) &#8211; 0,54 (220V)<\/strong><\/p><\/td><\/tr><tr><td><p><strong>Pot\u00eancia (W)<\/strong><\/p><\/td><td><p><strong>120<\/strong><\/p><\/td><td><p><strong>120<\/strong><\/p><\/td><\/tr><tr><td><p><strong>Acionamento autom\u00e1tico<\/strong><\/p><\/td><td><p><strong>Fluxostato<\/strong><\/p><\/td><td><p><strong>Fluxostato<\/strong><\/p><\/td><\/tr><tr><td><p><strong>Press\u00e3o m\u00e1xima (m.c.a.)<\/strong><\/p><\/td><td><p><strong>11<\/strong><\/p><\/td><td><p><strong>11<\/strong><\/p><\/td><\/tr><tr><td><p><strong>Vaz\u00e3o m\u00e1xima (l\/min)<\/strong><\/p><\/td><td><p><strong>30<\/strong><\/p><\/td><td><p><strong>30<\/strong><\/p><\/td><\/tr><tr><td><p><strong>Vaz\u00e3o m\u00ednima trab. (l\/min)<\/strong><\/p><\/td><td><p><strong>2<\/strong><\/p><\/td><td><p><strong>2<\/strong><\/p><\/td><\/tr><tr><td><p><strong>Temperatura m\u00e1xima de \u00e1gua trabalho (\u00baC)<\/strong><\/p><\/td><td><p><strong>90<\/strong><\/p><\/td><td><p><strong>90<\/strong><\/p><\/td><\/tr><tr><td><p><strong>Temperatura m\u00e1xima de \u00e1gua resist\u00eancia (\u00baC)<\/strong><\/p><\/td><td><p><strong>140<\/strong><\/p><\/td><td><p><strong>140<\/strong><\/p><\/td><\/tr><tr><td><p><strong>Temperatura m\u00e1xima ambiente (\u00baC)<\/strong><\/p><\/td><td><p><strong>40<\/strong><\/p><\/td><td><p><strong>40<\/strong><\/p><\/td><\/tr><tr><td><p><strong>Conex\u00f5es entrada\/sa\u00edda (pol)<\/strong><\/p><\/td><td><p><strong>3\/4&#8243;<\/strong><\/p><\/td><td><p><strong>3\/4&#8243;<\/strong><\/p><\/td><\/tr><tr><td><p><strong>Dimens\u00f5es produto (LxAxP) (mm)<\/strong><\/p><\/td><td><p><strong>160&#215;138,5&#215;104<\/strong><\/p><\/td><td><p><strong>160&#215;138,5&#215;104<\/strong><\/p><\/td><\/tr><tr><td><p><strong>Dimens\u00f5es unidade embalagem (LxAxP) (mm)<\/strong><\/p><\/td><td><p><strong>175x155x118<\/strong><\/p><\/td><td><p><strong>175x155x118<\/strong><\/p><\/td><\/tr><tr><td><p><strong>Dimens\u00f5es embalagem geral (LxAxP) (mm)<\/strong><\/p><\/td><td><p><strong>365x325x250<\/strong><\/p><\/td><td><p><strong>365x325x250<\/strong><\/p><\/td><\/tr><tr><td><p><strong>Peso l\u00edquido (kg)<\/strong><\/p><\/td><td><p><strong>2,813<\/strong><\/p><\/td><td><p><strong>2,813<\/strong><\/p><\/td><\/tr><tr><td><p><strong>Peso l\u00edquido embalagem 8 und (kg)<\/strong><\/p><\/td><td><p><strong>24<\/strong><\/p><\/td><td><p><strong>24<\/strong><\/p><\/td><\/tr><tr><td><p><strong>Peso bruto (quilograma)<\/strong><\/p><\/td><td><p><strong>3<\/strong><\/p><\/td><td><p><strong>3<\/strong><\/p><\/td><\/tr><tr><td><p><strong>Peso bruto embalagem 8 und (kg)<\/strong><\/p><\/td><td><p><strong>24,8<\/strong><\/p><\/td><td><p><strong>24,8<\/strong><\/p><\/td><\/tr><tr><td><p><strong>Rota\u00e7\u00e3o<\/strong><\/p><\/td><td><p><strong>3500 RPM<\/strong><\/p><\/td><td><p><strong>3500 RPM<\/strong><\/p><\/td><\/tr><tr><td><p><strong>Diametro do Rotor (mm)<\/strong><\/p><\/td><td><p><strong>95<\/strong><\/p><\/td><td><p><strong>95<\/strong><\/p><\/td><\/tr><tr><td><p><strong>C\u00f3digo de barras |<\/strong><\/p><\/td><td><p><strong>7896873179904 \/ 7896873179911\u00a0\u00a0\u00a0\u00a0\u00a0\u00a0\u00a0<\/strong><\/p><\/td><td><p><strong>7896873179881 \/ 7896873179898\u00a0<\/strong><\/p><\/td><\/tr><\/tbody><\/table><\/div><\/div><\/div><\/div><\/div><\/div><\/div><\/div><\/div><\/div><\/div><\/div><\/section>\t\t\t\t\t\t\t\t<\/div>\n\t\t\t\t<\/div>\n\t\t\t\t\t<\/div>\n\t\t<\/div>\n\t\t\t\t\t<\/div>\n\t\t<\/section>\n\t\t\t\t<\/div>\n\t\t","protected":false},"excerpt":{"rendered":"<p>Bomba de Circula\u00e7\u00e3o TP 40 COMPRAR cat\u00e1logo manual diSCRIMINA\u00c7\u00c3O DO PRODUTO \u00a0 Modelo MINI BOMBA TP 40 G4- FERRO MINI BOMBA TP 40 G4- BRONZE Descri\u00e7\u00e3o sistema MINIBOMBA DE \u00c1GUA TP40 G4 MINIBOMBA DE \u00c1GUA TP40 G4 BRONZE C\u00f3digo de produto 100032218(127V) \/ 100032219(220V) 0100032215(127V) \/ 0100032216(220V) Tens\u00e3o (V) 127 ou 220 127 ou 220 [&hellip;]<\/p>\n","protected":false},"author":1,"featured_media":0,"parent":0,"menu_order":0,"comment_status":"closed","ping_status":"closed","template":"","meta":{"om_disable_all_campaigns":false,"_monsterinsights_skip_tracking":false,"_monsterinsights_sitenote_active":false,"_monsterinsights_sitenote_note":"","_monsterinsights_sitenote_category":0,"footnotes":"","_joinchat":[]},"aioseo_notices":[],"_links":{"self":[{"href":"https:\/\/infraaquecedores.com.br\/index.php\/wp-json\/wp\/v2\/pages\/1009"}],"collection":[{"href":"https:\/\/infraaquecedores.com.br\/index.php\/wp-json\/wp\/v2\/pages"}],"about":[{"href":"https:\/\/infraaquecedores.com.br\/index.php\/wp-json\/wp\/v2\/types\/page"}],"author":[{"embeddable":true,"href":"https:\/\/infraaquecedores.com.br\/index.php\/wp-json\/wp\/v2\/users\/1"}],"replies":[{"embeddable":true,"href":"https:\/\/infraaquecedores.com.br\/index.php\/wp-json\/wp\/v2\/comments?post=1009"}],"version-history":[{"count":7,"href":"https:\/\/infraaquecedores.com.br\/index.php\/wp-json\/wp\/v2\/pages\/1009\/revisions"}],"predecessor-version":[{"id":1733,"href":"https:\/\/infraaquecedores.com.br\/index.php\/wp-json\/wp\/v2\/pages\/1009\/revisions\/1733"}],"wp:attachment":[{"href":"https:\/\/infraaquecedores.com.br\/index.php\/wp-json\/wp\/v2\/media?parent=1009"}],"curies":[{"name":"wp","href":"https:\/\/api.w.org\/{rel}","templated":true}]}}