{"id":1045,"date":"2024-02-02T12:26:01","date_gmt":"2024-02-02T15:26:01","guid":{"rendered":"https:\/\/infraaquecedores.com.br\/?page_id=1045"},"modified":"2024-02-08T12:24:14","modified_gmt":"2024-02-08T15:24:14","slug":"rinnai-4-2-2-2-6-3-2","status":"publish","type":"page","link":"https:\/\/infraaquecedores.com.br\/index.php\/rinnai-4-2-2-2-6-3-2\/","title":{"rendered":"Bomba Inversora Smartpress 37"},"content":{"rendered":"\t\t<div data-elementor-type=\"wp-page\" data-elementor-id=\"1045\" class=\"elementor elementor-1045\" data-elementor-post-type=\"page\">\n\t\t\t\t\t\t<section class=\"elementor-section elementor-top-section elementor-element elementor-element-7702b05a elementor-reverse-tablet elementor-reverse-mobile elementor-section-boxed elementor-section-height-default elementor-section-height-default\" data-id=\"7702b05a\" data-element_type=\"section\">\n\t\t\t\t\t\t<div class=\"elementor-container elementor-column-gap-default\">\n\t\t\t\t\t<div class=\"elementor-column elementor-col-33 elementor-top-column elementor-element elementor-element-2585ca03 elementor-invisible\" data-id=\"2585ca03\" data-element_type=\"column\" data-settings=\"{&quot;animation&quot;:&quot;fadeIn&quot;,&quot;animation_delay&quot;:300}\">\n\t\t\t<div class=\"elementor-widget-wrap elementor-element-populated\">\n\t\t\t\t\t\t<section class=\"elementor-section elementor-inner-section elementor-element elementor-element-2bb3f1ea elementor-section-boxed elementor-section-height-default elementor-section-height-default\" data-id=\"2bb3f1ea\" data-element_type=\"section\" data-settings=\"{&quot;background_background&quot;:&quot;classic&quot;}\">\n\t\t\t\t\t\t\t<div class=\"elementor-background-overlay\"><\/div>\n\t\t\t\t\t\t\t<div class=\"elementor-container elementor-column-gap-default\">\n\t\t\t\t\t<div class=\"elementor-column elementor-col-100 elementor-inner-column elementor-element elementor-element-4850b5b4\" data-id=\"4850b5b4\" data-element_type=\"column\">\n\t\t\t<div class=\"elementor-widget-wrap elementor-element-populated\">\n\t\t\t\t\t\t<div class=\"elementor-element elementor-element-49169db3 elementor-widget elementor-widget-heading\" data-id=\"49169db3\" data-element_type=\"widget\" data-widget_type=\"heading.default\">\n\t\t\t\t<div class=\"elementor-widget-container\">\n\t\t\t\t\t<div class=\"elementor-heading-title elementor-size-default\">Bomba Inversora Smartpress 37<\/div>\t\t\t\t<\/div>\n\t\t\t\t<\/div>\n\t\t\t\t\t<\/div>\n\t\t<\/div>\n\t\t\t\t\t<\/div>\n\t\t<\/section>\n\t\t\t\t<div class=\"elementor-element elementor-element-16d94f4 elementor-widget elementor-widget-image\" data-id=\"16d94f4\" data-element_type=\"widget\" data-widget_type=\"image.default\">\n\t\t\t\t<div class=\"elementor-widget-container\">\n\t\t\t\t\t\t\t\t\t\t\t\t\t\t\t<img fetchpriority=\"high\" decoding=\"async\" width=\"800\" height=\"534\" src=\"https:\/\/infraaquecedores.com.br\/wp-content\/uploads\/2024\/02\/lateral-1024x683.jpg\" class=\"attachment-large size-large wp-image-1054\" alt=\"\" srcset=\"https:\/\/infraaquecedores.com.br\/wp-content\/uploads\/2024\/02\/lateral-1024x683.jpg 1024w, https:\/\/infraaquecedores.com.br\/wp-content\/uploads\/2024\/02\/lateral-300x200.jpg 300w, https:\/\/infraaquecedores.com.br\/wp-content\/uploads\/2024\/02\/lateral-768x512.jpg 768w, https:\/\/infraaquecedores.com.br\/wp-content\/uploads\/2024\/02\/lateral-1536x1024.jpg 1536w, https:\/\/infraaquecedores.com.br\/wp-content\/uploads\/2024\/02\/lateral-2048x1365.jpg 2048w\" sizes=\"(max-width: 800px) 100vw, 800px\" \/>\t\t\t\t\t\t\t\t\t\t\t\t\t\t\t<\/div>\n\t\t\t\t<\/div>\n\t\t\t\t<div class=\"elementor-element elementor-element-28b4a96b elementor-align-justify elementor-widget elementor-widget-button\" data-id=\"28b4a96b\" data-element_type=\"widget\" data-widget_type=\"button.default\">\n\t\t\t\t<div class=\"elementor-widget-container\">\n\t\t\t\t\t\t\t\t\t<div class=\"elementor-button-wrapper\">\n\t\t\t\t\t<a class=\"elementor-button elementor-button-link elementor-size-md\" href=\"https:\/\/api.whatsapp.com\/send?phone=5511963400475&#038;text=Ol%C3%A1,%20tenho%20interesse%20na%20Bomba%20Inversora%20Smartpress%2037,%20pode%20me%20ajudar?\">\n\t\t\t\t\t\t<span class=\"elementor-button-content-wrapper\">\n\t\t\t\t\t\t\t\t\t<span class=\"elementor-button-text\">COMPRAR<\/span>\n\t\t\t\t\t<\/span>\n\t\t\t\t\t<\/a>\n\t\t\t\t<\/div>\n\t\t\t\t\t\t\t\t<\/div>\n\t\t\t\t<\/div>\n\t\t\t\t<div class=\"elementor-element elementor-element-bebe966 elementor-align-justify elementor-widget elementor-widget-button\" data-id=\"bebe966\" data-element_type=\"widget\" data-widget_type=\"button.default\">\n\t\t\t\t<div class=\"elementor-widget-container\">\n\t\t\t\t\t\t\t\t\t<div class=\"elementor-button-wrapper\">\n\t\t\t\t\t<a class=\"elementor-button elementor-button-link elementor-size-md\" href=\"https:\/\/www.komeco.com.br\/arquivos\/manuais\/bombas-pressurizadores\/bomba-inversora\/manual-bomba-smartpress.pdf\">\n\t\t\t\t\t\t<span class=\"elementor-button-content-wrapper\">\n\t\t\t\t\t\t\t\t\t<span class=\"elementor-button-text\">manual<\/span>\n\t\t\t\t\t<\/span>\n\t\t\t\t\t<\/a>\n\t\t\t\t<\/div>\n\t\t\t\t\t\t\t\t<\/div>\n\t\t\t\t<\/div>\n\t\t\t\t\t<\/div>\n\t\t<\/div>\n\t\t\t\t<div class=\"elementor-column elementor-col-66 elementor-top-column elementor-element elementor-element-1ebe1f8a elementor-invisible\" data-id=\"1ebe1f8a\" data-element_type=\"column\" data-settings=\"{&quot;animation&quot;:&quot;fadeIn&quot;,&quot;animation_delay&quot;:200}\">\n\t\t\t<div class=\"elementor-widget-wrap elementor-element-populated\">\n\t\t\t\t\t\t<div class=\"elementor-element elementor-element-5580a2c3 elementor-skin-carousel elementor-pagination-type-bullets elementor-pagination-position-outside elementor-widget elementor-widget-media-carousel\" data-id=\"5580a2c3\" data-element_type=\"widget\" data-settings=\"{&quot;slides_per_view&quot;:&quot;3&quot;,&quot;slides_to_scroll&quot;:&quot;1&quot;,&quot;lazyload&quot;:&quot;yes&quot;,&quot;space_between&quot;:{&quot;unit&quot;:&quot;px&quot;,&quot;size&quot;:14,&quot;sizes&quot;:[]},&quot;skin&quot;:&quot;carousel&quot;,&quot;effect&quot;:&quot;slide&quot;,&quot;pagination&quot;:&quot;bullets&quot;,&quot;speed&quot;:500,&quot;autoplay&quot;:&quot;yes&quot;,&quot;autoplay_speed&quot;:5000,&quot;loop&quot;:&quot;yes&quot;,&quot;pause_on_hover&quot;:&quot;yes&quot;,&quot;pause_on_interaction&quot;:&quot;yes&quot;,&quot;space_between_tablet&quot;:{&quot;unit&quot;:&quot;px&quot;,&quot;size&quot;:10,&quot;sizes&quot;:[]},&quot;space_between_mobile&quot;:{&quot;unit&quot;:&quot;px&quot;,&quot;size&quot;:10,&quot;sizes&quot;:[]}}\" data-widget_type=\"media-carousel.default\">\n\t\t\t\t<div class=\"elementor-widget-container\">\n\t\t\t\t\t\t\t<div class=\"elementor-swiper\">\n\t\t\t<div class=\"elementor-main-swiper swiper\">\n\t\t\t\t<div class=\"swiper-wrapper\">\n\t\t\t\t\t\t\t\t\t\t\t<div class=\"swiper-slide\">\n\t\t\t\t\t\t\t\t\t<div class=\"elementor-carousel-image swiper-lazy\" role=\"img\" aria-label=\"baixo\" data-background=\"https:\/\/infraaquecedores.com.br\/wp-content\/uploads\/2024\/02\/baixo-scaled.jpg\">\n\n\t\t\t\t\t\t\t<div class=\"swiper-lazy-preloader\"><\/div>\n\t\t\t\n\t\t\t\t\t<\/div>\n\t\t\t\t\t\t\t\t<\/div>\n\t\t\t\t\t\t\t\t\t\t\t<div class=\"swiper-slide\">\n\t\t\t\t\t\t\t\t\t<div class=\"elementor-carousel-image swiper-lazy\" role=\"img\" aria-label=\"cima\" data-background=\"https:\/\/infraaquecedores.com.br\/wp-content\/uploads\/2024\/02\/cima-scaled.jpg\">\n\n\t\t\t\t\t\t\t<div class=\"swiper-lazy-preloader\"><\/div>\n\t\t\t\n\t\t\t\t\t<\/div>\n\t\t\t\t\t\t\t\t<\/div>\n\t\t\t\t\t\t\t\t\t\t\t<div class=\"swiper-slide\">\n\t\t\t\t\t\t\t\t\t<div class=\"elementor-carousel-image swiper-lazy\" role=\"img\" aria-label=\"frente\" data-background=\"https:\/\/infraaquecedores.com.br\/wp-content\/uploads\/2024\/02\/frente-scaled.jpg\">\n\n\t\t\t\t\t\t\t<div class=\"swiper-lazy-preloader\"><\/div>\n\t\t\t\n\t\t\t\t\t<\/div>\n\t\t\t\t\t\t\t\t<\/div>\n\t\t\t\t\t\t\t\t\t\t\t<div class=\"swiper-slide\">\n\t\t\t\t\t\t\t\t\t<div class=\"elementor-carousel-image swiper-lazy\" role=\"img\" aria-label=\"lateral2-55\" data-background=\"https:\/\/infraaquecedores.com.br\/wp-content\/uploads\/2024\/02\/lateral2-55-scaled.jpg\">\n\n\t\t\t\t\t\t\t<div class=\"swiper-lazy-preloader\"><\/div>\n\t\t\t\n\t\t\t\t\t<\/div>\n\t\t\t\t\t\t\t\t<\/div>\n\t\t\t\t\t\t\t\t\t\t\t<div class=\"swiper-slide\">\n\t\t\t\t\t\t\t\t\t<div class=\"elementor-carousel-image swiper-lazy\" role=\"img\" aria-label=\"perspectiva\" data-background=\"https:\/\/infraaquecedores.com.br\/wp-content\/uploads\/2024\/02\/perspectiva-scaled.jpg\">\n\n\t\t\t\t\t\t\t<div class=\"swiper-lazy-preloader\"><\/div>\n\t\t\t\n\t\t\t\t\t<\/div>\n\t\t\t\t\t\t\t\t<\/div>\n\t\t\t\t\t\t\t\t\t\t\t<div class=\"swiper-slide\">\n\t\t\t\t\t\t\t\t\t<div class=\"elementor-carousel-image swiper-lazy\" role=\"img\" aria-label=\"perspectiva2-55\" data-background=\"https:\/\/infraaquecedores.com.br\/wp-content\/uploads\/2024\/02\/perspectiva2-55-scaled.jpg\">\n\n\t\t\t\t\t\t\t<div class=\"swiper-lazy-preloader\"><\/div>\n\t\t\t\n\t\t\t\t\t<\/div>\n\t\t\t\t\t\t\t\t<\/div>\n\t\t\t\t\t\t\t\t\t\t\t<div class=\"swiper-slide\">\n\t\t\t\t\t\t\t\t\t<div class=\"elementor-carousel-image swiper-lazy\" role=\"img\" aria-label=\"traseira\" data-background=\"https:\/\/infraaquecedores.com.br\/wp-content\/uploads\/2024\/02\/traseira-scaled.jpg\">\n\n\t\t\t\t\t\t\t<div class=\"swiper-lazy-preloader\"><\/div>\n\t\t\t\n\t\t\t\t\t<\/div>\n\t\t\t\t\t\t\t\t<\/div>\n\t\t\t\t\t\t\t\t\t<\/div>\n\t\t\t\t\t\t\t\t\t\t\t\t\t\t\t<div class=\"swiper-pagination\"><\/div>\n\t\t\t\t\t\t\t\t\t\t\t\t\t\t\t\t\t<\/div>\n\t\t<\/div>\n\t\t\t\t\t\t<\/div>\n\t\t\t\t<\/div>\n\t\t\t\t<div class=\"elementor-element elementor-element-284243e1 elementor-widget elementor-widget-heading\" data-id=\"284243e1\" data-element_type=\"widget\" data-widget_type=\"heading.default\">\n\t\t\t\t<div class=\"elementor-widget-container\">\n\t\t\t\t\t<h3 class=\"elementor-heading-title elementor-size-default\">diSCRIMINA\u00c7\u00c3O DO PRODUTO<\/h3>\t\t\t\t<\/div>\n\t\t\t\t<\/div>\n\t\t\t\t<div class=\"elementor-element elementor-element-51e6196c elementor-widget elementor-widget-text-editor\" data-id=\"51e6196c\" data-element_type=\"widget\" data-widget_type=\"text-editor.default\">\n\t\t\t\t<div class=\"elementor-widget-container\">\n\t\t\t\t\t\t\t\t\t<section class=\"elementor-section elementor-top-section elementor-element elementor-element-2863cb70 elementor-section-boxed elementor-section-height-default elementor-section-height-default\" data-id=\"2863cb70\" data-element_type=\"section\"><div class=\"elementor-container elementor-column-gap-default\"><div class=\"elementor-column elementor-col-100 elementor-top-column elementor-element elementor-element-611f3590\" data-id=\"611f3590\" data-element_type=\"column\"><div class=\"elementor-widget-wrap elementor-element-populated\"><div class=\"elementor-element elementor-element-79b34cb9 elementor-widget elementor-widget-heading\" data-id=\"79b34cb9\" data-element_type=\"widget\" data-widget_type=\"heading.default\"><div class=\"elementor-widget-container\"><section class=\"elementor-section elementor-top-section elementor-element elementor-element-73d95346 elementor-section-boxed elementor-section-height-default elementor-section-height-default\" data-id=\"73d95346\" data-element_type=\"section\"><div class=\"elementor-container elementor-column-gap-default\"><div class=\"elementor-column elementor-col-100 elementor-top-column elementor-element elementor-element-509e67f5\" data-id=\"509e67f5\" data-element_type=\"column\"><div class=\"elementor-widget-wrap elementor-element-populated\"><div class=\"elementor-element elementor-element-84605c elementor-widget elementor-widget-heading\" data-id=\"84605c\" data-element_type=\"widget\" data-widget_type=\"heading.default\"><div class=\"elementor-widget-container\">\u00a0<\/div><\/div><\/div><\/div><\/div><\/section><section class=\"elementor-section elementor-top-section elementor-element elementor-element-423580a elementor-section-boxed elementor-section-height-default elementor-section-height-default\" data-id=\"423580a\" data-element_type=\"section\" data-settings=\"{&quot;background_background&quot;:&quot;classic&quot;}\"><div class=\"elementor-container elementor-column-gap-default\"><div class=\"elementor-column elementor-col-100 elementor-top-column elementor-element elementor-element-eb39f9d\" data-id=\"eb39f9d\" data-element_type=\"column\"><div class=\"elementor-widget-wrap elementor-element-populated\"><div class=\"elementor-element elementor-element-cfd34ec elementor-testimonial--skin-default elementor-testimonial--layout-image_inline elementor-testimonial--align-center elementor-arrows-yes elementor-pagination-type-bullets elementor-widget elementor-widget-testimonial-carousel\" data-id=\"cfd34ec\" data-element_type=\"widget\" data-settings=\"{&quot;show_arrows&quot;:&quot;yes&quot;,&quot;pagination&quot;:&quot;bullets&quot;,&quot;speed&quot;:500,&quot;loop&quot;:&quot;yes&quot;,&quot;space_between&quot;:{&quot;unit&quot;:&quot;px&quot;,&quot;size&quot;:10,&quot;sizes&quot;:[]},&quot;space_between_laptop&quot;:{&quot;unit&quot;:&quot;px&quot;,&quot;size&quot;:10,&quot;sizes&quot;:[]},&quot;space_between_tablet&quot;:{&quot;unit&quot;:&quot;px&quot;,&quot;size&quot;:10,&quot;sizes&quot;:[]},&quot;space_between_mobile&quot;:{&quot;unit&quot;:&quot;px&quot;,&quot;size&quot;:10,&quot;sizes&quot;:[]}}\" data-widget_type=\"testimonial-carousel.default\"><div class=\"elementor-widget-container\"><div class=\"elementor-swiper\"><div class=\"elementor-main-swiper swiper-container\"><div class=\"swiper-wrapper\"><div class=\"swiper-slide\"><div class=\"elementor-testimonial\"><div class=\"elementor-testimonial__content\"><div class=\"elementor-testimonial__text\"><table id=\"dalt-table-390\" class=\"dalt-table\" data-enable-sorting=\"0\" data-enable-manual-sorting=\"0\" data-show-position=\"0\" data-position-side=\"left\" data-position-label=\"#\" data-number-format=\"0\" data-order-desc-asc-1=\"0\" data-order-by-1=\"1\" data-order-data-type-1=\"auto\" data-order-date-format-1=\"ddmmyyyy\" data-order-desc-asc-2=\"0\" data-order-by-2=\"1\" data-order-data-type-2=\"auto\" data-order-date-format-2=\"ddmmyyyy\" data-order-desc-asc-3=\"0\" data-order-by-3=\"1\" data-order-data-type-3=\"auto\" data-order-date-format-3=\"ddmmyyyy\" data-order-desc-asc-4=\"0\" data-order-by-4=\"1\" data-order-data-type-4=\"auto\" data-order-date-format-4=\"ddmmyyyy\" data-order-desc-asc-5=\"0\" data-order-by-5=\"1\" data-order-data-type-5=\"auto\" data-order-date-format-5=\"ddmmyyyy\" data-table-layout=\"0\" data-table-width=\"0\" data-table-width-value=\"400\" data-table-minimum-width=\"0\" data-table-margin-top=\"20\" data-table-margin-bottom=\"20\" data-enable-container=\"0\" data-container-width=\"400\" data-container-height=\"400\" data-show-header=\"1\" data-sticky-header=\"0\" data-header-font-size=\"11\" data-header-font-family=\"'Open Sans', Helvetica, Arial, sans-serif\" data-header-font-weight=\"400\" data-header-font-style=\"normal\" data-header-background-color=\"#ff0000\" data-header-font-color=\"#FFFFFF\" data-header-link-color=\"#FFFFFF\" data-header-border-color=\"#ff0000\" data-header-position-alignment=\"center\" data-body-font-size=\"11\" data-body-font-family=\"'Open Sans', Helvetica, Arial, sans-serif\" data-body-font-weight=\"400\" data-body-font-style=\"normal\" data-even-rows-background-color=\"#FFFFFF\" data-odd-rows-background-color=\"#FCFCFC\" data-even-rows-font-color=\"#666666\" data-even-rows-link-color=\"#ff0000\" data-odd-rows-font-color=\"#666666\" data-odd-rows-link-color=\"#ff0000\" data-rows-border-color=\"#E1E1E1\" data-caption-show-caption=\"1\" data-caption-caption-side=\"1\" data-caption-text-align=\"1\" data-caption-font-size=\"11\" data-caption-font-family=\"'Open Sans', Helvetica, Arial, sans-serif\" data-caption-font-weight=\"400\" data-caption-font-style=\"normal\" data-caption-font-color=\"#666666\" data-autocolors-priority=\"rows\" data-autocolors-affected-rows-1=\"\" data-autocolors-rows-background-color-1=\"#FFFFFF\" data-autocolors-rows-font-color-1=\"#666666\" data-autocolors-affected-rows-2=\"\" data-autocolors-rows-background-color-2=\"#FFFFFF\" data-autocolors-rows-font-color-2=\"#666666\" data-autocolors-affected-rows-3=\"\" data-autocolors-rows-background-color-3=\"#FFFFFF\" data-autocolors-rows-font-color-3=\"#666666\" data-autocolors-affected-rows-4=\"\" data-autocolors-rows-background-color-4=\"#FFFFFF\" data-autocolors-rows-font-color-4=\"#666666\" data-autocolors-affected-rows-5=\"\" data-autocolors-rows-background-color-5=\"#FFFFFF\" data-autocolors-rows-font-color-5=\"#666666\" data-autocolors-affected-columns-1=\"\" data-autocolors-columns-background-color-1=\"#FFFFFF\" data-autocolors-columns-font-color-1=\"#666666\" data-autocolors-affected-columns-2=\"\" data-autocolors-columns-background-color-2=\"#FFFFFF\" data-autocolors-columns-font-color-2=\"#666666\" data-autocolors-affected-columns-3=\"\" data-autocolors-columns-background-color-3=\"#FFFFFF\" data-autocolors-columns-font-color-3=\"#666666\" data-autocolors-affected-columns-4=\"\" data-autocolors-columns-background-color-4=\"#FFFFFF\" data-autocolors-columns-font-color-4=\"#666666\" data-autocolors-affected-columns-5=\"\" data-autocolors-columns-background-color-5=\"#FFFFFF\" data-autocolors-columns-font-color-5=\"#666666\" data-autoalignment-priority=\"rows\" data-autoalignment-affected-rows-left=\"\" data-autoalignment-affected-rows-center=\"\" data-autoalignment-affected-rows-right=\"\" data-autoalignment-affected-columns-left=\"\" data-autoalignment-affected-columns-center=\"\" data-autoalignment-affected-columns-right=\"\" data-tablet-breakpoint=\"989\" data-hide-tablet-list=\"\" data-tablet-header-font-size=\"11\" data-tablet-body-font-size=\"11\" data-tablet-caption-font-size=\"11\" data-tablet-hide-images=\"0\" data-phone-breakpoint=\"479\" data-hide-phone-list=\"\" data-phone-header-font-size=\"11\" data-phone-body-font-size=\"11\" data-phone-caption-font-size=\"11\" data-phone-hide-images=\"0\" data-enable-cell-properties=\"1\"><thead><tr><th>Modelo<\/th><th>SMARTPRESS 37<\/th><\/tr><\/thead><tbody><tr><td>Descri\u00e7\u00e3o sistema<\/td><td>BOMBA INVERSORA SMARTPRESS 37 |<\/td><\/tr><tr><td>C\u00f3digo do produto<\/td><td>100032623<\/td><\/tr><tr><td>Tens\u00e3o &#8211; V<\/td><td>220<\/td><\/tr><tr><td>Faixa de tens\u00e3o (V)<\/td><td>130 ~ 280V<\/td><\/tr><tr><td>Corrente de Opera\u00e7\u00e3o &#8211; A<\/td><td>8<\/td><\/tr><tr><td>Pot\u00eancia &#8211; W<\/td><td>750<\/td><\/tr><tr><td>Faixa de pot\u00eancia &#8211; W<\/td><td>0~1200<\/td><\/tr><tr><td>Acionamento autom\u00e1tico<\/td><td>Pressostato Inversor de frequencia\u00a0<\/td><\/tr><tr><td>Press\u00e3o m\u00e1xima (m.c.a.)<\/td><td>37<\/td><\/tr><tr><td>Press\u00e3o nominal (m.c.a.)<\/td><td>30<\/td><\/tr><tr><td>Vaz\u00e3o m\u00e1xima (l\/min)<\/td><td>133<\/td><\/tr><tr><td>Vaz\u00e3o nominal (l\/min)<\/td><td>66<\/td><\/tr><tr><td>Suc\u00e7\u00e3o m\u00e1xima (m)<\/td><td>7<\/td><\/tr><tr><td>Press\u00e3o m\u00e1xima na suc\u00e7\u00e3o (m.c.a)<\/td><td>30<\/td><\/tr><tr><td>Temp. de trabalho da \u00e1gua (\u00b0C)<\/td><td>0~60<\/td><\/tr><tr><td>Temp. max ambiente (\u00baC)<\/td><td>0~40<\/td><\/tr><tr><td>Conex\u00f5es entrada\/sa\u00edda (pol)<\/td><td>1,1\/4&#8221; x 1&#8221;<\/td><\/tr><tr><td>Dimens\u00f5es (LxAxP) (mm)<\/td><td>220x282x356<\/td><\/tr><tr><td>Dimens\u00f5es embalagem (LxAxP) (mm)<\/td><td>394x260x330\u00a0<\/td><\/tr><tr><td>Peso l\u00edquido (kg)<\/td><td>8,7<\/td><\/tr><tr><td>Peso Bruto (kg)<\/td><td>9,7<\/td><\/tr><tr><td>Rota\u00e7\u00e3o<\/td><td>4000<\/td><\/tr><tr><td>N\u00edvel de ru\u00eddo (dB)<\/td><td>60dB<\/td><\/tr><tr><td>Diametro do Rotor (mm)<\/td><td>&#8211;<\/td><\/tr><tr><td>Classe de prote\u00e7\u00e3o (IP)<\/td><td>Classe IP X4<\/td><\/tr><tr><td>Voluta<\/td><td>A\u00e7o inox AISI 304 |<\/td><\/tr><tr><td>Rotor<\/td><td>A\u00e7o inox AISI 304 |<\/td><\/tr><tr><td>Eixo<\/td><td>A\u00e7o inox AISI 304 |<\/td><\/tr><tr><td>Protetor t\u00e9rmico |<\/td><td>sim<\/td><\/tr><tr><td>Motor<\/td><td>Im\u00e3 permanente<\/td><\/tr><tr><td>Exposi\u00e7\u00e3o<\/td><td>Toque em screan<\/td><\/tr><tr><td>c\u00f3digo de barras |<\/td><td>7899369821479<\/td><\/tr><\/tbody><\/table><\/div><\/div><\/div><\/div><\/div><\/div><\/div><\/div><\/div><\/div><\/div><\/div><\/section><\/div><\/div><\/div><\/div><\/div><\/section><section class=\"elementor-section elementor-top-section elementor-element elementor-element-b195b4a elementor-section-boxed elementor-section-height-default elementor-section-height-default\" data-id=\"b195b4a\" data-element_type=\"section\" data-settings=\"{&quot;background_background&quot;:&quot;classic&quot;}\"><div class=\"elementor-container elementor-column-gap-default\"><div class=\"elementor-column elementor-col-100 elementor-top-column elementor-element elementor-element-3bb315b1\" data-id=\"3bb315b1\" data-element_type=\"column\"><div class=\"elementor-widget-wrap elementor-element-populated\"><div class=\"elementor-element elementor-element-6f24044c elementor-testimonial--skin-default elementor-testimonial--layout-image_inline elementor-testimonial--align-center elementor-arrows-yes elementor-pagination-type-bullets elementor-widget elementor-widget-testimonial-carousel\" data-id=\"6f24044c\" data-element_type=\"widget\" data-settings=\"{&quot;show_arrows&quot;:&quot;yes&quot;,&quot;pagination&quot;:&quot;bullets&quot;,&quot;speed&quot;:500,&quot;loop&quot;:&quot;yes&quot;,&quot;space_between&quot;:{&quot;unit&quot;:&quot;px&quot;,&quot;size&quot;:10,&quot;sizes&quot;:[]},&quot;space_between_laptop&quot;:{&quot;unit&quot;:&quot;px&quot;,&quot;size&quot;:10,&quot;sizes&quot;:[]},&quot;space_between_tablet&quot;:{&quot;unit&quot;:&quot;px&quot;,&quot;size&quot;:10,&quot;sizes&quot;:[]},&quot;space_between_mobile&quot;:{&quot;unit&quot;:&quot;px&quot;,&quot;size&quot;:10,&quot;sizes&quot;:[]}}\" data-widget_type=\"testimonial-carousel.default\"><div class=\"elementor-widget-container\"><div class=\"elementor-swiper\"><div class=\"elementor-main-swiper swiper-container\"><div class=\"swiper-wrapper\"><div class=\"swiper-slide\"><div class=\"elementor-testimonial\">\u00a0<\/div><\/div><\/div><\/div><\/div><\/div><\/div><\/div><\/div><\/div><\/section>\t\t\t\t\t\t\t\t<\/div>\n\t\t\t\t<\/div>\n\t\t\t\t\t<\/div>\n\t\t<\/div>\n\t\t\t\t\t<\/div>\n\t\t<\/section>\n\t\t\t\t<\/div>\n\t\t","protected":false},"excerpt":{"rendered":"<p>Bomba Inversora Smartpress 37 COMPRAR manual diSCRIMINA\u00c7\u00c3O DO PRODUTO \u00a0 Modelo SMARTPRESS 37 Descri\u00e7\u00e3o sistema BOMBA INVERSORA SMARTPRESS 37 | C\u00f3digo do produto 100032623 Tens\u00e3o &#8211; V 220 Faixa de tens\u00e3o (V) 130 ~ 280V Corrente de Opera\u00e7\u00e3o &#8211; A 8 Pot\u00eancia &#8211; W 750 Faixa de pot\u00eancia &#8211; W 0~1200 Acionamento autom\u00e1tico Pressostato Inversor [&hellip;]<\/p>\n","protected":false},"author":1,"featured_media":0,"parent":0,"menu_order":0,"comment_status":"closed","ping_status":"closed","template":"","meta":{"om_disable_all_campaigns":false,"_monsterinsights_skip_tracking":false,"_monsterinsights_sitenote_active":false,"_monsterinsights_sitenote_note":"","_monsterinsights_sitenote_category":0,"footnotes":"","_joinchat":[]},"aioseo_notices":[],"_links":{"self":[{"href":"https:\/\/infraaquecedores.com.br\/index.php\/wp-json\/wp\/v2\/pages\/1045"}],"collection":[{"href":"https:\/\/infraaquecedores.com.br\/index.php\/wp-json\/wp\/v2\/pages"}],"about":[{"href":"https:\/\/infraaquecedores.com.br\/index.php\/wp-json\/wp\/v2\/types\/page"}],"author":[{"embeddable":true,"href":"https:\/\/infraaquecedores.com.br\/index.php\/wp-json\/wp\/v2\/users\/1"}],"replies":[{"embeddable":true,"href":"https:\/\/infraaquecedores.com.br\/index.php\/wp-json\/wp\/v2\/comments?post=1045"}],"version-history":[{"count":7,"href":"https:\/\/infraaquecedores.com.br\/index.php\/wp-json\/wp\/v2\/pages\/1045\/revisions"}],"predecessor-version":[{"id":1764,"href":"https:\/\/infraaquecedores.com.br\/index.php\/wp-json\/wp\/v2\/pages\/1045\/revisions\/1764"}],"wp:attachment":[{"href":"https:\/\/infraaquecedores.com.br\/index.php\/wp-json\/wp\/v2\/media?parent=1045"}],"curies":[{"name":"wp","href":"https:\/\/api.w.org\/{rel}","templated":true}]}}