{"id":1046,"date":"2024-02-02T12:32:27","date_gmt":"2024-02-02T15:32:27","guid":{"rendered":"https:\/\/infraaquecedores.com.br\/?page_id=1046"},"modified":"2024-02-08T12:24:40","modified_gmt":"2024-02-08T15:24:40","slug":"rinnai-4-2-2-2-6-3-3","status":"publish","type":"page","link":"https:\/\/infraaquecedores.com.br\/index.php\/rinnai-4-2-2-2-6-3-3\/","title":{"rendered":"Bomba Inversora Smartpress 55"},"content":{"rendered":"\t\t<div data-elementor-type=\"wp-page\" data-elementor-id=\"1046\" class=\"elementor elementor-1046\" data-elementor-post-type=\"page\">\n\t\t\t\t\t\t<section class=\"elementor-section elementor-top-section elementor-element elementor-element-7702b05a elementor-reverse-tablet elementor-reverse-mobile elementor-section-boxed elementor-section-height-default elementor-section-height-default\" data-id=\"7702b05a\" data-element_type=\"section\">\n\t\t\t\t\t\t<div class=\"elementor-container elementor-column-gap-default\">\n\t\t\t\t\t<div class=\"elementor-column elementor-col-33 elementor-top-column elementor-element elementor-element-2585ca03 elementor-invisible\" data-id=\"2585ca03\" data-element_type=\"column\" data-settings=\"{&quot;animation&quot;:&quot;fadeIn&quot;,&quot;animation_delay&quot;:300}\">\n\t\t\t<div class=\"elementor-widget-wrap elementor-element-populated\">\n\t\t\t\t\t\t<section class=\"elementor-section elementor-inner-section elementor-element elementor-element-2bb3f1ea elementor-section-boxed elementor-section-height-default elementor-section-height-default\" data-id=\"2bb3f1ea\" data-element_type=\"section\" data-settings=\"{&quot;background_background&quot;:&quot;classic&quot;}\">\n\t\t\t\t\t\t\t<div class=\"elementor-background-overlay\"><\/div>\n\t\t\t\t\t\t\t<div class=\"elementor-container elementor-column-gap-default\">\n\t\t\t\t\t<div class=\"elementor-column elementor-col-100 elementor-inner-column elementor-element elementor-element-4850b5b4\" data-id=\"4850b5b4\" data-element_type=\"column\">\n\t\t\t<div class=\"elementor-widget-wrap elementor-element-populated\">\n\t\t\t\t\t\t<div class=\"elementor-element elementor-element-49169db3 elementor-widget elementor-widget-heading\" data-id=\"49169db3\" data-element_type=\"widget\" data-widget_type=\"heading.default\">\n\t\t\t\t<div class=\"elementor-widget-container\">\n\t\t\t\t\t<div class=\"elementor-heading-title elementor-size-default\">Bomba Inversora Smartpress 55<\/div>\t\t\t\t<\/div>\n\t\t\t\t<\/div>\n\t\t\t\t\t<\/div>\n\t\t<\/div>\n\t\t\t\t\t<\/div>\n\t\t<\/section>\n\t\t\t\t<div class=\"elementor-element elementor-element-16d94f4 elementor-widget elementor-widget-image\" data-id=\"16d94f4\" data-element_type=\"widget\" data-widget_type=\"image.default\">\n\t\t\t\t<div class=\"elementor-widget-container\">\n\t\t\t\t\t\t\t\t\t\t\t\t\t\t\t<img fetchpriority=\"high\" decoding=\"async\" width=\"800\" height=\"534\" src=\"https:\/\/infraaquecedores.com.br\/wp-content\/uploads\/2024\/02\/perspectiva-1-1024x683.jpg\" class=\"attachment-large size-large wp-image-1067\" alt=\"\" srcset=\"https:\/\/infraaquecedores.com.br\/wp-content\/uploads\/2024\/02\/perspectiva-1-1024x683.jpg 1024w, https:\/\/infraaquecedores.com.br\/wp-content\/uploads\/2024\/02\/perspectiva-1-300x200.jpg 300w, https:\/\/infraaquecedores.com.br\/wp-content\/uploads\/2024\/02\/perspectiva-1-768x512.jpg 768w, https:\/\/infraaquecedores.com.br\/wp-content\/uploads\/2024\/02\/perspectiva-1-1536x1024.jpg 1536w, https:\/\/infraaquecedores.com.br\/wp-content\/uploads\/2024\/02\/perspectiva-1-2048x1365.jpg 2048w\" sizes=\"(max-width: 800px) 100vw, 800px\" \/>\t\t\t\t\t\t\t\t\t\t\t\t\t\t\t<\/div>\n\t\t\t\t<\/div>\n\t\t\t\t<div class=\"elementor-element elementor-element-28b4a96b elementor-align-justify elementor-widget elementor-widget-button\" data-id=\"28b4a96b\" data-element_type=\"widget\" data-widget_type=\"button.default\">\n\t\t\t\t<div class=\"elementor-widget-container\">\n\t\t\t\t\t\t\t\t\t<div class=\"elementor-button-wrapper\">\n\t\t\t\t\t<a class=\"elementor-button elementor-button-link elementor-size-md\" href=\"https:\/\/api.whatsapp.com\/send?phone=5511963400475&#038;text=Ol%C3%A1,%20tenho%20interesse%20na%20Bomba%20Inversora%20Smartpress%2055,%20pode%20me%20ajudar?\">\n\t\t\t\t\t\t<span class=\"elementor-button-content-wrapper\">\n\t\t\t\t\t\t\t\t\t<span class=\"elementor-button-text\">COMPRAR<\/span>\n\t\t\t\t\t<\/span>\n\t\t\t\t\t<\/a>\n\t\t\t\t<\/div>\n\t\t\t\t\t\t\t\t<\/div>\n\t\t\t\t<\/div>\n\t\t\t\t<div class=\"elementor-element elementor-element-ec1d00b elementor-align-justify elementor-widget elementor-widget-button\" data-id=\"ec1d00b\" data-element_type=\"widget\" data-widget_type=\"button.default\">\n\t\t\t\t<div class=\"elementor-widget-container\">\n\t\t\t\t\t\t\t\t\t<div class=\"elementor-button-wrapper\">\n\t\t\t\t\t<a class=\"elementor-button elementor-button-link elementor-size-md\" href=\"https:\/\/www.komeco.com.br\/arquivos\/manuais\/bombas-pressurizadores\/bomba-inversora\/manual-bomba-smartpress.pdf\">\n\t\t\t\t\t\t<span class=\"elementor-button-content-wrapper\">\n\t\t\t\t\t\t\t\t\t<span class=\"elementor-button-text\">manual<\/span>\n\t\t\t\t\t<\/span>\n\t\t\t\t\t<\/a>\n\t\t\t\t<\/div>\n\t\t\t\t\t\t\t\t<\/div>\n\t\t\t\t<\/div>\n\t\t\t\t\t<\/div>\n\t\t<\/div>\n\t\t\t\t<div class=\"elementor-column elementor-col-66 elementor-top-column elementor-element elementor-element-1ebe1f8a elementor-invisible\" data-id=\"1ebe1f8a\" data-element_type=\"column\" data-settings=\"{&quot;animation&quot;:&quot;fadeIn&quot;,&quot;animation_delay&quot;:200}\">\n\t\t\t<div class=\"elementor-widget-wrap elementor-element-populated\">\n\t\t\t\t\t\t<div class=\"elementor-element elementor-element-5580a2c3 elementor-skin-carousel elementor-pagination-type-bullets elementor-pagination-position-outside elementor-widget elementor-widget-media-carousel\" data-id=\"5580a2c3\" data-element_type=\"widget\" data-settings=\"{&quot;slides_per_view&quot;:&quot;3&quot;,&quot;slides_to_scroll&quot;:&quot;1&quot;,&quot;lazyload&quot;:&quot;yes&quot;,&quot;space_between&quot;:{&quot;unit&quot;:&quot;px&quot;,&quot;size&quot;:14,&quot;sizes&quot;:[]},&quot;skin&quot;:&quot;carousel&quot;,&quot;effect&quot;:&quot;slide&quot;,&quot;pagination&quot;:&quot;bullets&quot;,&quot;speed&quot;:500,&quot;autoplay&quot;:&quot;yes&quot;,&quot;autoplay_speed&quot;:5000,&quot;loop&quot;:&quot;yes&quot;,&quot;pause_on_hover&quot;:&quot;yes&quot;,&quot;pause_on_interaction&quot;:&quot;yes&quot;,&quot;space_between_tablet&quot;:{&quot;unit&quot;:&quot;px&quot;,&quot;size&quot;:10,&quot;sizes&quot;:[]},&quot;space_between_mobile&quot;:{&quot;unit&quot;:&quot;px&quot;,&quot;size&quot;:10,&quot;sizes&quot;:[]}}\" data-widget_type=\"media-carousel.default\">\n\t\t\t\t<div class=\"elementor-widget-container\">\n\t\t\t\t\t\t\t<div class=\"elementor-swiper\">\n\t\t\t<div class=\"elementor-main-swiper swiper\">\n\t\t\t\t<div class=\"swiper-wrapper\">\n\t\t\t\t\t\t\t\t\t\t\t<div class=\"swiper-slide\">\n\t\t\t\t\t\t\t\t\t<div class=\"elementor-carousel-image swiper-lazy\" role=\"img\" aria-label=\"baixo\" data-background=\"https:\/\/infraaquecedores.com.br\/wp-content\/uploads\/2024\/02\/baixo-1-scaled.jpg\">\n\n\t\t\t\t\t\t\t<div class=\"swiper-lazy-preloader\"><\/div>\n\t\t\t\n\t\t\t\t\t<\/div>\n\t\t\t\t\t\t\t\t<\/div>\n\t\t\t\t\t\t\t\t\t\t\t<div class=\"swiper-slide\">\n\t\t\t\t\t\t\t\t\t<div class=\"elementor-carousel-image swiper-lazy\" role=\"img\" aria-label=\"cima\" data-background=\"https:\/\/infraaquecedores.com.br\/wp-content\/uploads\/2024\/02\/cima-1-scaled.jpg\">\n\n\t\t\t\t\t\t\t<div class=\"swiper-lazy-preloader\"><\/div>\n\t\t\t\n\t\t\t\t\t<\/div>\n\t\t\t\t\t\t\t\t<\/div>\n\t\t\t\t\t\t\t\t\t\t\t<div class=\"swiper-slide\">\n\t\t\t\t\t\t\t\t\t<div class=\"elementor-carousel-image swiper-lazy\" role=\"img\" aria-label=\"frente\" data-background=\"https:\/\/infraaquecedores.com.br\/wp-content\/uploads\/2024\/02\/frente-1-scaled.jpg\">\n\n\t\t\t\t\t\t\t<div class=\"swiper-lazy-preloader\"><\/div>\n\t\t\t\n\t\t\t\t\t<\/div>\n\t\t\t\t\t\t\t\t<\/div>\n\t\t\t\t\t\t\t\t\t\t\t<div class=\"swiper-slide\">\n\t\t\t\t\t\t\t\t\t<div class=\"elementor-carousel-image swiper-lazy\" role=\"img\" aria-label=\"lateral\" data-background=\"https:\/\/infraaquecedores.com.br\/wp-content\/uploads\/2024\/02\/lateral-1-scaled.jpg\">\n\n\t\t\t\t\t\t\t<div class=\"swiper-lazy-preloader\"><\/div>\n\t\t\t\n\t\t\t\t\t<\/div>\n\t\t\t\t\t\t\t\t<\/div>\n\t\t\t\t\t\t\t\t\t\t\t<div class=\"swiper-slide\">\n\t\t\t\t\t\t\t\t\t<div class=\"elementor-carousel-image swiper-lazy\" role=\"img\" aria-label=\"perspectiva2-55\" data-background=\"https:\/\/infraaquecedores.com.br\/wp-content\/uploads\/2024\/02\/perspectiva2-55-1-scaled.jpg\">\n\n\t\t\t\t\t\t\t<div class=\"swiper-lazy-preloader\"><\/div>\n\t\t\t\n\t\t\t\t\t<\/div>\n\t\t\t\t\t\t\t\t<\/div>\n\t\t\t\t\t\t\t\t\t\t\t<div class=\"swiper-slide\">\n\t\t\t\t\t\t\t\t\t<div class=\"elementor-carousel-image swiper-lazy\" role=\"img\" aria-label=\"traseira\" data-background=\"https:\/\/infraaquecedores.com.br\/wp-content\/uploads\/2024\/02\/traseira-1-scaled.jpg\">\n\n\t\t\t\t\t\t\t<div class=\"swiper-lazy-preloader\"><\/div>\n\t\t\t\n\t\t\t\t\t<\/div>\n\t\t\t\t\t\t\t\t<\/div>\n\t\t\t\t\t\t\t\t\t<\/div>\n\t\t\t\t\t\t\t\t\t\t\t\t\t\t\t<div class=\"swiper-pagination\"><\/div>\n\t\t\t\t\t\t\t\t\t\t\t\t\t\t\t\t\t<\/div>\n\t\t<\/div>\n\t\t\t\t\t\t<\/div>\n\t\t\t\t<\/div>\n\t\t\t\t<div class=\"elementor-element elementor-element-284243e1 elementor-widget elementor-widget-heading\" data-id=\"284243e1\" data-element_type=\"widget\" data-widget_type=\"heading.default\">\n\t\t\t\t<div class=\"elementor-widget-container\">\n\t\t\t\t\t<h3 class=\"elementor-heading-title elementor-size-default\">diSCRIMINA\u00c7\u00c3O DO PRODUTO<\/h3>\t\t\t\t<\/div>\n\t\t\t\t<\/div>\n\t\t\t\t<div class=\"elementor-element elementor-element-51e6196c elementor-widget elementor-widget-text-editor\" data-id=\"51e6196c\" data-element_type=\"widget\" data-widget_type=\"text-editor.default\">\n\t\t\t\t<div class=\"elementor-widget-container\">\n\t\t\t\t\t\t\t\t\t<section class=\"elementor-section elementor-top-section elementor-element elementor-element-6659c3e9 elementor-section-boxed elementor-section-height-default elementor-section-height-default\" data-id=\"6659c3e9\" data-element_type=\"section\"><div class=\"elementor-container elementor-column-gap-default\"><div class=\"elementor-column elementor-col-100 elementor-top-column elementor-element elementor-element-16eadce3\" data-id=\"16eadce3\" data-element_type=\"column\"><div class=\"elementor-widget-wrap elementor-element-populated\"><div class=\"elementor-element elementor-element-5892288e elementor-widget elementor-widget-heading\" data-id=\"5892288e\" data-element_type=\"widget\" data-widget_type=\"heading.default\"><div class=\"elementor-widget-container\"><p class=\"elementor-heading-title elementor-size-default\">\u00a0<\/p><\/div><\/div><\/div><\/div><\/div><\/section><section class=\"elementor-section elementor-top-section elementor-element elementor-element-901296b elementor-section-boxed elementor-section-height-default elementor-section-height-default\" data-id=\"901296b\" data-element_type=\"section\" data-settings=\"{&quot;background_background&quot;:&quot;classic&quot;}\"><div class=\"elementor-container elementor-column-gap-default\"><div class=\"elementor-column elementor-col-100 elementor-top-column elementor-element elementor-element-7d9ea2d0\" data-id=\"7d9ea2d0\" data-element_type=\"column\"><div class=\"elementor-widget-wrap elementor-element-populated\"><div class=\"elementor-element elementor-element-5579e9b6 elementor-testimonial--skin-default elementor-testimonial--layout-image_inline elementor-testimonial--align-center elementor-arrows-yes elementor-pagination-type-bullets elementor-widget elementor-widget-testimonial-carousel\" data-id=\"5579e9b6\" data-element_type=\"widget\" data-settings=\"{&quot;show_arrows&quot;:&quot;yes&quot;,&quot;pagination&quot;:&quot;bullets&quot;,&quot;speed&quot;:500,&quot;loop&quot;:&quot;yes&quot;,&quot;space_between&quot;:{&quot;unit&quot;:&quot;px&quot;,&quot;size&quot;:10,&quot;sizes&quot;:[]},&quot;space_between_laptop&quot;:{&quot;unit&quot;:&quot;px&quot;,&quot;size&quot;:10,&quot;sizes&quot;:[]},&quot;space_between_tablet&quot;:{&quot;unit&quot;:&quot;px&quot;,&quot;size&quot;:10,&quot;sizes&quot;:[]},&quot;space_between_mobile&quot;:{&quot;unit&quot;:&quot;px&quot;,&quot;size&quot;:10,&quot;sizes&quot;:[]}}\" data-widget_type=\"testimonial-carousel.default\"><div class=\"elementor-widget-container\"><div class=\"elementor-swiper\"><div class=\"elementor-main-swiper swiper-container\"><div class=\"swiper-wrapper\"><div class=\"swiper-slide\"><div class=\"elementor-testimonial\"><div class=\"elementor-testimonial__content\"><div class=\"elementor-testimonial__text\"><table id=\"dalt-table-393\" class=\"dalt-table\" data-enable-sorting=\"0\" data-enable-manual-sorting=\"0\" data-show-position=\"0\" data-position-side=\"left\" data-position-label=\"#\" data-number-format=\"0\" data-order-desc-asc-1=\"0\" data-order-by-1=\"1\" data-order-data-type-1=\"auto\" data-order-date-format-1=\"ddmmyyyy\" data-order-desc-asc-2=\"0\" data-order-by-2=\"1\" data-order-data-type-2=\"auto\" data-order-date-format-2=\"ddmmyyyy\" data-order-desc-asc-3=\"0\" data-order-by-3=\"1\" data-order-data-type-3=\"auto\" data-order-date-format-3=\"ddmmyyyy\" data-order-desc-asc-4=\"0\" data-order-by-4=\"1\" data-order-data-type-4=\"auto\" data-order-date-format-4=\"ddmmyyyy\" data-order-desc-asc-5=\"0\" data-order-by-5=\"1\" data-order-data-type-5=\"auto\" data-order-date-format-5=\"ddmmyyyy\" data-table-layout=\"0\" data-table-width=\"0\" data-table-width-value=\"400\" data-table-minimum-width=\"0\" data-table-margin-top=\"20\" data-table-margin-bottom=\"20\" data-enable-container=\"0\" data-container-width=\"400\" data-container-height=\"400\" data-show-header=\"1\" data-sticky-header=\"0\" data-header-font-size=\"11\" data-header-font-family=\"'Open Sans', Helvetica, Arial, sans-serif\" data-header-font-weight=\"400\" data-header-font-style=\"normal\" data-header-background-color=\"#ff0000\" data-header-font-color=\"#FFFFFF\" data-header-link-color=\"#FFFFFF\" data-header-border-color=\"#ff0000\" data-header-position-alignment=\"center\" data-body-font-size=\"11\" data-body-font-family=\"'Open Sans', Helvetica, Arial, sans-serif\" data-body-font-weight=\"400\" data-body-font-style=\"normal\" data-even-rows-background-color=\"#FFFFFF\" data-odd-rows-background-color=\"#FCFCFC\" data-even-rows-font-color=\"#666666\" data-even-rows-link-color=\"#ff0000\" data-odd-rows-font-color=\"#666666\" data-odd-rows-link-color=\"#ff0000\" data-rows-border-color=\"#E1E1E1\" data-caption-show-caption=\"1\" data-caption-caption-side=\"1\" data-caption-text-align=\"1\" data-caption-font-size=\"11\" data-caption-font-family=\"'Open Sans', Helvetica, Arial, sans-serif\" data-caption-font-weight=\"400\" data-caption-font-style=\"normal\" data-caption-font-color=\"#666666\" data-autocolors-priority=\"rows\" data-autocolors-affected-rows-1=\"\" data-autocolors-rows-background-color-1=\"#FFFFFF\" data-autocolors-rows-font-color-1=\"#666666\" data-autocolors-affected-rows-2=\"\" data-autocolors-rows-background-color-2=\"#FFFFFF\" data-autocolors-rows-font-color-2=\"#666666\" data-autocolors-affected-rows-3=\"\" data-autocolors-rows-background-color-3=\"#FFFFFF\" data-autocolors-rows-font-color-3=\"#666666\" data-autocolors-affected-rows-4=\"\" data-autocolors-rows-background-color-4=\"#FFFFFF\" data-autocolors-rows-font-color-4=\"#666666\" data-autocolors-affected-rows-5=\"\" data-autocolors-rows-background-color-5=\"#FFFFFF\" data-autocolors-rows-font-color-5=\"#666666\" data-autocolors-affected-columns-1=\"\" data-autocolors-columns-background-color-1=\"#FFFFFF\" data-autocolors-columns-font-color-1=\"#666666\" data-autocolors-affected-columns-2=\"\" data-autocolors-columns-background-color-2=\"#FFFFFF\" data-autocolors-columns-font-color-2=\"#666666\" data-autocolors-affected-columns-3=\"\" data-autocolors-columns-background-color-3=\"#FFFFFF\" data-autocolors-columns-font-color-3=\"#666666\" data-autocolors-affected-columns-4=\"\" data-autocolors-columns-background-color-4=\"#FFFFFF\" data-autocolors-columns-font-color-4=\"#666666\" data-autocolors-affected-columns-5=\"\" data-autocolors-columns-background-color-5=\"#FFFFFF\" data-autocolors-columns-font-color-5=\"#666666\" data-autoalignment-priority=\"rows\" data-autoalignment-affected-rows-left=\"\" data-autoalignment-affected-rows-center=\"\" data-autoalignment-affected-rows-right=\"\" data-autoalignment-affected-columns-left=\"\" data-autoalignment-affected-columns-center=\"\" data-autoalignment-affected-columns-right=\"\" data-tablet-breakpoint=\"989\" data-hide-tablet-list=\"\" data-tablet-header-font-size=\"11\" data-tablet-body-font-size=\"11\" data-tablet-caption-font-size=\"11\" data-tablet-hide-images=\"0\" data-phone-breakpoint=\"479\" data-hide-phone-list=\"\" data-phone-header-font-size=\"11\" data-phone-body-font-size=\"11\" data-phone-caption-font-size=\"11\" data-phone-hide-images=\"0\" data-enable-cell-properties=\"1\"><thead><tr><th><p>Modelo<\/p><\/th><th><p>SMARTPRESS 55<\/p><\/th><\/tr><\/thead><tbody><tr><td><p>Descri\u00e7\u00e3o sistema<\/p><\/td><td><p>BOMBA INVERSORA SMARTPRESS 55 &#8211; Brasil |<\/p><\/td><\/tr><tr><td><p>C\u00f3digo do produto<\/p><\/td><td><p>100032624<\/p><\/td><\/tr><tr><td><p>Tens\u00e3o &#8211; V<\/p><\/td><td><p>220<\/p><\/td><\/tr><tr><td><p>Faixa de tens\u00e3o (V)<\/p><\/td><td><p>130 ~ 280V<\/p><\/td><\/tr><tr><td><p>Corrente de Opera\u00e7\u00e3o &#8211; A<\/p><\/td><td><p>11<\/p><\/td><\/tr><tr><td><p>Pot\u00eancia &#8211; W<\/p><\/td><td><p>1500<\/p><\/td><\/tr><tr><td><p>Faixa de pot\u00eancia &#8211; W<\/p><\/td><td><p>0~1700<\/p><\/td><\/tr><tr><td><p>Acionamento autom\u00e1tico<\/p><\/td><td><p>Pressostato Inversor de frequencia\u00a0<\/p><\/td><\/tr><tr><td><p>Press\u00e3o m\u00e1xima (m.c.a.)<\/p><\/td><td><p>55,55<\/p><\/td><\/tr><tr><td><p>Press\u00e3o nominal (m.c.a.)<\/p><\/td><td><p>44<\/p><\/td><\/tr><tr><td><p>Vaz\u00e3o m\u00e1xima (l\/min)<\/p><\/td><td><p>143<\/p><\/td><\/tr><tr><td><p>Vaz\u00e3o nominal (l\/min)<\/p><\/td><td><p>83<\/p><\/td><\/tr><tr><td><p>Suc\u00e7\u00e3o m\u00e1xima (m)<\/p><\/td><td><p>7<\/p><\/td><\/tr><tr><td><p>Press\u00e3o m\u00e1xima na suc\u00e7\u00e3o (m.c.a)<\/p><\/td><td><p>30<\/p><\/td><\/tr><tr><td><p>Temp. de trabalho da \u00e1gua (\u00b0C)<\/p><\/td><td><p>0~60<\/p><\/td><\/tr><tr><td><p>Temp. max ambiente (\u00baC)<\/p><\/td><td><p>0~40<\/p><\/td><\/tr><tr><td><p>Conex\u00f5es entrada\/sa\u00edda (pol)<\/p><\/td><td><p>1,1\/4&#8221; x 1&#8221;<\/p><\/td><\/tr><tr><td><p>Dimens\u00f5es (LxAxP) (mm)<\/p><\/td><td><p>220x282x410<\/p><\/td><\/tr><tr><td><p>Dimens\u00f5es embalagem (LxAxP) (mm)<\/p><\/td><td><p>394x260x330\u00a0<\/p><\/td><\/tr><tr><td><p>Peso l\u00edquido (kg)<\/p><\/td><td><p>10<\/p><\/td><\/tr><tr><td><p>Peso Bruto (kg)<\/p><\/td><td><p>11<\/p><\/td><\/tr><tr><td><p>Rota\u00e7\u00e3o<\/p><\/td><td><p>4000<\/p><\/td><\/tr><tr><td><p>N\u00edvel de ru\u00eddo (dB)<\/p><\/td><td><p>60dB<\/p><\/td><\/tr><tr><td><p>Diametro do Rotor (mm)<\/p><\/td><td><p>&#8211;<\/p><\/td><\/tr><tr><td><p>Classe de prote\u00e7\u00e3o (IP)<\/p><\/td><td><p>Classe IP X4<\/p><\/td><\/tr><tr><td><p>Voluta<\/p><\/td><td><p>A\u00e7o inox AISI 304 |<\/p><\/td><\/tr><tr><td><p>Rotor<\/p><\/td><td><p>A\u00e7o inox AISI 304 |<\/p><\/td><\/tr><tr><td><p>Eixo<\/p><\/td><td><p>A\u00e7o inox AISI 304 |<\/p><\/td><\/tr><tr><td><p>Protetor t\u00e9rmico |<\/p><\/td><td><p>sim<\/p><\/td><\/tr><tr><td><p>Motor<\/p><\/td><td><p>Im\u00e3 permanente<\/p><\/td><\/tr><tr><td><p>Exposi\u00e7\u00e3o<\/p><\/td><td><p>Toque em screan<\/p><\/td><\/tr><tr><td><p>c\u00f3digo de barras |<\/p><\/td><td><p>7899369821486<\/p><\/td><\/tr><\/tbody><\/table><\/div><\/div><\/div><\/div><\/div><\/div><\/div><\/div><\/div><\/div><\/div><\/div><\/section>\t\t\t\t\t\t\t\t<\/div>\n\t\t\t\t<\/div>\n\t\t\t\t\t<\/div>\n\t\t<\/div>\n\t\t\t\t\t<\/div>\n\t\t<\/section>\n\t\t\t\t<\/div>\n\t\t","protected":false},"excerpt":{"rendered":"<p>Bomba Inversora Smartpress 55 COMPRAR manual diSCRIMINA\u00c7\u00c3O DO PRODUTO \u00a0 Modelo SMARTPRESS 55 Descri\u00e7\u00e3o sistema BOMBA INVERSORA SMARTPRESS 55 &#8211; Brasil | C\u00f3digo do produto 100032624 Tens\u00e3o &#8211; V 220 Faixa de tens\u00e3o (V) 130 ~ 280V Corrente de Opera\u00e7\u00e3o &#8211; A 11 Pot\u00eancia &#8211; W 1500 Faixa de pot\u00eancia &#8211; W 0~1700 Acionamento autom\u00e1tico [&hellip;]<\/p>\n","protected":false},"author":1,"featured_media":0,"parent":0,"menu_order":0,"comment_status":"closed","ping_status":"closed","template":"","meta":{"om_disable_all_campaigns":false,"_monsterinsights_skip_tracking":false,"_monsterinsights_sitenote_active":false,"_monsterinsights_sitenote_note":"","_monsterinsights_sitenote_category":0,"footnotes":"","_joinchat":[]},"aioseo_notices":[],"_links":{"self":[{"href":"https:\/\/infraaquecedores.com.br\/index.php\/wp-json\/wp\/v2\/pages\/1046"}],"collection":[{"href":"https:\/\/infraaquecedores.com.br\/index.php\/wp-json\/wp\/v2\/pages"}],"about":[{"href":"https:\/\/infraaquecedores.com.br\/index.php\/wp-json\/wp\/v2\/types\/page"}],"author":[{"embeddable":true,"href":"https:\/\/infraaquecedores.com.br\/index.php\/wp-json\/wp\/v2\/users\/1"}],"replies":[{"embeddable":true,"href":"https:\/\/infraaquecedores.com.br\/index.php\/wp-json\/wp\/v2\/comments?post=1046"}],"version-history":[{"count":7,"href":"https:\/\/infraaquecedores.com.br\/index.php\/wp-json\/wp\/v2\/pages\/1046\/revisions"}],"predecessor-version":[{"id":1767,"href":"https:\/\/infraaquecedores.com.br\/index.php\/wp-json\/wp\/v2\/pages\/1046\/revisions\/1767"}],"wp:attachment":[{"href":"https:\/\/infraaquecedores.com.br\/index.php\/wp-json\/wp\/v2\/media?parent=1046"}],"curies":[{"name":"wp","href":"https:\/\/api.w.org\/{rel}","templated":true}]}}