{"id":1819,"date":"2024-02-09T12:55:06","date_gmt":"2024-02-09T15:55:06","guid":{"rendered":"https:\/\/infraaquecedores.com.br\/?page_id=1819"},"modified":"2024-02-09T12:56:13","modified_gmt":"2024-02-09T15:56:13","slug":"rinnai-3-2-2-2-2-2-3-2-2","status":"publish","type":"page","link":"https:\/\/infraaquecedores.com.br\/index.php\/rinnai-3-2-2-2-2-2-3-2-2\/","title":{"rendered":"Instala\u00e7\u00e3o de Coifas"},"content":{"rendered":"\t\t<div data-elementor-type=\"wp-page\" data-elementor-id=\"1819\" class=\"elementor elementor-1819\" data-elementor-post-type=\"page\">\n\t\t\t\t\t\t<section class=\"elementor-section elementor-top-section elementor-element elementor-element-7702b05a elementor-reverse-tablet elementor-reverse-mobile elementor-section-boxed elementor-section-height-default elementor-section-height-default\" data-id=\"7702b05a\" data-element_type=\"section\">\n\t\t\t\t\t\t<div class=\"elementor-container elementor-column-gap-default\">\n\t\t\t\t\t<div class=\"elementor-column elementor-col-33 elementor-top-column elementor-element elementor-element-2585ca03 elementor-invisible\" data-id=\"2585ca03\" data-element_type=\"column\" data-settings=\"{&quot;animation&quot;:&quot;fadeIn&quot;,&quot;animation_delay&quot;:300}\">\n\t\t\t<div class=\"elementor-widget-wrap elementor-element-populated\">\n\t\t\t\t\t\t<section class=\"elementor-section elementor-inner-section elementor-element elementor-element-2bb3f1ea elementor-section-boxed elementor-section-height-default elementor-section-height-default\" data-id=\"2bb3f1ea\" data-element_type=\"section\" data-settings=\"{&quot;background_background&quot;:&quot;classic&quot;}\">\n\t\t\t\t\t\t\t<div class=\"elementor-background-overlay\"><\/div>\n\t\t\t\t\t\t\t<div class=\"elementor-container elementor-column-gap-default\">\n\t\t\t\t\t<div class=\"elementor-column elementor-col-100 elementor-inner-column elementor-element elementor-element-4850b5b4\" data-id=\"4850b5b4\" data-element_type=\"column\">\n\t\t\t<div class=\"elementor-widget-wrap elementor-element-populated\">\n\t\t\t\t\t\t<div class=\"elementor-element elementor-element-49169db3 elementor-widget elementor-widget-heading\" data-id=\"49169db3\" data-element_type=\"widget\" data-widget_type=\"heading.default\">\n\t\t\t\t<div class=\"elementor-widget-container\">\n\t\t\t\t\t<div class=\"elementor-heading-title elementor-size-default\">Instala\u00e7\u00e3o de Coifas Residenciais<\/div>\t\t\t\t<\/div>\n\t\t\t\t<\/div>\n\t\t\t\t\t<\/div>\n\t\t<\/div>\n\t\t\t\t\t<\/div>\n\t\t<\/section>\n\t\t\t\t<div class=\"elementor-element elementor-element-16d94f4 elementor-widget elementor-widget-image\" data-id=\"16d94f4\" data-element_type=\"widget\" data-widget_type=\"image.default\">\n\t\t\t\t<div class=\"elementor-widget-container\">\n\t\t\t\t\t\t\t\t\t\t\t\t\t\t\t<img fetchpriority=\"high\" decoding=\"async\" width=\"576\" height=\"1024\" src=\"https:\/\/infraaquecedores.com.br\/wp-content\/uploads\/2024\/02\/c1.jpg\" class=\"attachment-large size-large wp-image-1821\" alt=\"\" srcset=\"https:\/\/infraaquecedores.com.br\/wp-content\/uploads\/2024\/02\/c1.jpg 576w, https:\/\/infraaquecedores.com.br\/wp-content\/uploads\/2024\/02\/c1-169x300.jpg 169w\" sizes=\"(max-width: 576px) 100vw, 576px\" \/>\t\t\t\t\t\t\t\t\t\t\t\t\t\t\t<\/div>\n\t\t\t\t<\/div>\n\t\t\t\t<div class=\"elementor-element elementor-element-28b4a96b elementor-align-justify elementor-widget elementor-widget-button\" data-id=\"28b4a96b\" data-element_type=\"widget\" data-widget_type=\"button.default\">\n\t\t\t\t<div class=\"elementor-widget-container\">\n\t\t\t\t\t\t\t\t\t<div class=\"elementor-button-wrapper\">\n\t\t\t\t\t<a class=\"elementor-button elementor-button-link elementor-size-md\" href=\"https:\/\/api.whatsapp.com\/send?phone=5511963400475&#038;text=Ol%C3%A1,%20tenho%20interesse%20em%20convers%C3%A3o%20de%20fog%C3%B5es,%20pode%20me%20ajudar?\">\n\t\t\t\t\t\t<span class=\"elementor-button-content-wrapper\">\n\t\t\t\t\t\t\t\t\t<span class=\"elementor-button-text\">contratar<\/span>\n\t\t\t\t\t<\/span>\n\t\t\t\t\t<\/a>\n\t\t\t\t<\/div>\n\t\t\t\t\t\t\t\t<\/div>\n\t\t\t\t<\/div>\n\t\t\t\t\t<\/div>\n\t\t<\/div>\n\t\t\t\t<div class=\"elementor-column elementor-col-66 elementor-top-column elementor-element elementor-element-1ebe1f8a elementor-invisible\" data-id=\"1ebe1f8a\" data-element_type=\"column\" data-settings=\"{&quot;animation&quot;:&quot;fadeIn&quot;,&quot;animation_delay&quot;:200}\">\n\t\t\t<div class=\"elementor-widget-wrap elementor-element-populated\">\n\t\t\t\t\t\t<div class=\"elementor-element elementor-element-5580a2c3 elementor-skin-carousel elementor-pagination-type-bullets elementor-pagination-position-outside elementor-widget elementor-widget-media-carousel\" data-id=\"5580a2c3\" data-element_type=\"widget\" data-settings=\"{&quot;slides_per_view&quot;:&quot;3&quot;,&quot;slides_to_scroll&quot;:&quot;1&quot;,&quot;lazyload&quot;:&quot;yes&quot;,&quot;space_between&quot;:{&quot;unit&quot;:&quot;px&quot;,&quot;size&quot;:14,&quot;sizes&quot;:[]},&quot;skin&quot;:&quot;carousel&quot;,&quot;effect&quot;:&quot;slide&quot;,&quot;pagination&quot;:&quot;bullets&quot;,&quot;speed&quot;:500,&quot;autoplay&quot;:&quot;yes&quot;,&quot;autoplay_speed&quot;:5000,&quot;loop&quot;:&quot;yes&quot;,&quot;pause_on_hover&quot;:&quot;yes&quot;,&quot;pause_on_interaction&quot;:&quot;yes&quot;,&quot;space_between_tablet&quot;:{&quot;unit&quot;:&quot;px&quot;,&quot;size&quot;:10,&quot;sizes&quot;:[]},&quot;space_between_mobile&quot;:{&quot;unit&quot;:&quot;px&quot;,&quot;size&quot;:10,&quot;sizes&quot;:[]}}\" data-widget_type=\"media-carousel.default\">\n\t\t\t\t<div class=\"elementor-widget-container\">\n\t\t\t\t\t\t\t<div class=\"elementor-swiper\">\n\t\t\t<div class=\"elementor-main-swiper swiper\">\n\t\t\t\t<div class=\"swiper-wrapper\">\n\t\t\t\t\t\t\t\t\t\t\t<div class=\"swiper-slide\">\n\t\t\t\t\t\t\t\t\t<div class=\"elementor-carousel-image swiper-lazy\" role=\"img\" aria-label=\"c2\" data-background=\"https:\/\/infraaquecedores.com.br\/wp-content\/uploads\/2024\/02\/c2.jpg\">\n\n\t\t\t\t\t\t\t<div class=\"swiper-lazy-preloader\"><\/div>\n\t\t\t\n\t\t\t\t\t<\/div>\n\t\t\t\t\t\t\t\t<\/div>\n\t\t\t\t\t\t\t\t\t\t\t<div class=\"swiper-slide\">\n\t\t\t\t\t\t\t\t\t<div class=\"elementor-carousel-image swiper-lazy\" role=\"img\" aria-label=\"c3\" data-background=\"https:\/\/infraaquecedores.com.br\/wp-content\/uploads\/2024\/02\/c3.jpg\">\n\n\t\t\t\t\t\t\t<div class=\"swiper-lazy-preloader\"><\/div>\n\t\t\t\n\t\t\t\t\t<\/div>\n\t\t\t\t\t\t\t\t<\/div>\n\t\t\t\t\t\t\t\t\t\t\t<div class=\"swiper-slide\">\n\t\t\t\t\t\t\t\t\t<div class=\"elementor-carousel-image swiper-lazy\" role=\"img\" aria-label=\"IMG-20231028-WA0020\" data-background=\"https:\/\/infraaquecedores.com.br\/wp-content\/uploads\/2024\/02\/IMG-20231028-WA0020.jpg\">\n\n\t\t\t\t\t\t\t<div class=\"swiper-lazy-preloader\"><\/div>\n\t\t\t\n\t\t\t\t\t<\/div>\n\t\t\t\t\t\t\t\t<\/div>\n\t\t\t\t\t\t\t\t\t\t\t<div class=\"swiper-slide\">\n\t\t\t\t\t\t\t\t\t<div class=\"elementor-carousel-image swiper-lazy\" role=\"img\" aria-label=\"IMG-20231028-WA0022\" data-background=\"https:\/\/infraaquecedores.com.br\/wp-content\/uploads\/2024\/02\/IMG-20231028-WA0022.jpg\">\n\n\t\t\t\t\t\t\t<div class=\"swiper-lazy-preloader\"><\/div>\n\t\t\t\n\t\t\t\t\t<\/div>\n\t\t\t\t\t\t\t\t<\/div>\n\t\t\t\t\t\t\t\t\t<\/div>\n\t\t\t\t\t\t\t\t\t\t\t\t\t\t\t<div class=\"swiper-pagination\"><\/div>\n\t\t\t\t\t\t\t\t\t\t\t\t\t\t\t\t\t<\/div>\n\t\t<\/div>\n\t\t\t\t\t\t<\/div>\n\t\t\t\t<\/div>\n\t\t\t\t<div class=\"elementor-element elementor-element-284243e1 elementor-widget elementor-widget-heading\" data-id=\"284243e1\" data-element_type=\"widget\" data-widget_type=\"heading.default\">\n\t\t\t\t<div class=\"elementor-widget-container\">\n\t\t\t\t\t<h3 class=\"elementor-heading-title elementor-size-default\">Instala\u00e7\u00e3o de coifas residenciais<\/h3>\t\t\t\t<\/div>\n\t\t\t\t<\/div>\n\t\t\t\t<div class=\"elementor-element elementor-element-51e6196c elementor-widget elementor-widget-text-editor\" data-id=\"51e6196c\" data-element_type=\"widget\" data-widget_type=\"text-editor.default\">\n\t\t\t\t<div class=\"elementor-widget-container\">\n\t\t\t\t\t\t\t\t\t<p>Sua cozinha merece ser um espa\u00e7o de eleg\u00e2ncia, efici\u00eancia e conforto, e a Infra Aquecedores est\u00e1 aqui para tornar isso realidade com nossos servi\u00e7os especializados de instala\u00e7\u00e3o de coifas.<\/p><p><strong>Praticidade na Cozinha:<\/strong><\/p><p>Transforme sua rotina culin\u00e1ria com a instala\u00e7\u00e3o de coifas residenciais. Nossos t\u00e9cnicos qualificados garantem uma montagem r\u00e1pida e eficiente para que voc\u00ea desfrute de uma cozinha mais limpa e livre de odores desagrad\u00e1veis.<\/p><p><strong>Estilo que Combina com Voc\u00ea:<\/strong><\/p><p>Seja qual for o seu estilo, temos op\u00e7\u00f5es de coifas que se encaixam perfeitamente na est\u00e9tica da sua cozinha. Da modernidade \u00e0 eleg\u00e2ncia cl\u00e1ssica, a Infra Aquecedores oferece solu\u00e7\u00f5es personalizadas para atender aos seus gostos.<\/p><p><strong>Experi\u00eancia de Quem Entende:<\/strong><\/p><p>Conte com a expertise de uma empresa com 10 anos de experi\u00eancia no mercado. A Infra Aquecedores \u00e9 sin\u00f4nimo de confian\u00e7a, qualidade e atendimento excepcional. Nossos t\u00e9cnicos s\u00e3o treinados para garantir que a instala\u00e7\u00e3o da sua coifa seja impec\u00e1vel.<\/p><p><strong>Bem-Estar na Sua Cozinha:<\/strong><\/p><p>Uma cozinha limpa e bem ventilada contribui para o seu bem-estar. Deixe a Infra Aquecedores cuidar da instala\u00e7\u00e3o da sua coifa e proporcione \u00e0 sua fam\u00edlia um ambiente mais agrad\u00e1vel e saud\u00e1vel.<\/p><p>Agende agora a instala\u00e7\u00e3o da sua coifa residencial com a Infra Aquecedores e eleve o padr\u00e3o da sua cozinha para um novo n\u00edvel de sofistica\u00e7\u00e3o e funcionalidade!<\/p>\t\t\t\t\t\t\t\t<\/div>\n\t\t\t\t<\/div>\n\t\t\t\t<div class=\"elementor-element elementor-element-b2d154a elementor-widget elementor-widget-image\" data-id=\"b2d154a\" data-element_type=\"widget\" data-widget_type=\"image.default\">\n\t\t\t\t<div class=\"elementor-widget-container\">\n\t\t\t\t\t\t\t\t\t\t\t\t\t\t\t<img decoding=\"async\" width=\"576\" height=\"1024\" src=\"https:\/\/infraaquecedores.com.br\/wp-content\/uploads\/2024\/02\/IMG-20231028-WA0025.jpg\" class=\"attachment-large size-large wp-image-1827\" alt=\"\" srcset=\"https:\/\/infraaquecedores.com.br\/wp-content\/uploads\/2024\/02\/IMG-20231028-WA0025.jpg 576w, https:\/\/infraaquecedores.com.br\/wp-content\/uploads\/2024\/02\/IMG-20231028-WA0025-169x300.jpg 169w\" sizes=\"(max-width: 576px) 100vw, 576px\" \/>\t\t\t\t\t\t\t\t\t\t\t\t\t\t\t<\/div>\n\t\t\t\t<\/div>\n\t\t\t\t\t<\/div>\n\t\t<\/div>\n\t\t\t\t\t<\/div>\n\t\t<\/section>\n\t\t\t\t<\/div>\n\t\t","protected":false},"excerpt":{"rendered":"<p>Instala\u00e7\u00e3o de Coifas Residenciais contratar Instala\u00e7\u00e3o de coifas residenciais Sua cozinha merece ser um espa\u00e7o de eleg\u00e2ncia, efici\u00eancia e conforto, e a Infra Aquecedores est\u00e1 aqui para tornar isso realidade com nossos servi\u00e7os especializados de instala\u00e7\u00e3o de coifas. Praticidade na Cozinha: Transforme sua rotina culin\u00e1ria com a instala\u00e7\u00e3o de coifas residenciais. Nossos t\u00e9cnicos qualificados garantem [&hellip;]<\/p>\n","protected":false},"author":1,"featured_media":0,"parent":0,"menu_order":0,"comment_status":"closed","ping_status":"closed","template":"","meta":{"om_disable_all_campaigns":false,"_monsterinsights_skip_tracking":false,"_monsterinsights_sitenote_active":false,"_monsterinsights_sitenote_note":"","_monsterinsights_sitenote_category":0,"footnotes":"","_joinchat":[]},"aioseo_notices":[],"_links":{"self":[{"href":"https:\/\/infraaquecedores.com.br\/index.php\/wp-json\/wp\/v2\/pages\/1819"}],"collection":[{"href":"https:\/\/infraaquecedores.com.br\/index.php\/wp-json\/wp\/v2\/pages"}],"about":[{"href":"https:\/\/infraaquecedores.com.br\/index.php\/wp-json\/wp\/v2\/types\/page"}],"author":[{"embeddable":true,"href":"https:\/\/infraaquecedores.com.br\/index.php\/wp-json\/wp\/v2\/users\/1"}],"replies":[{"embeddable":true,"href":"https:\/\/infraaquecedores.com.br\/index.php\/wp-json\/wp\/v2\/comments?post=1819"}],"version-history":[{"count":4,"href":"https:\/\/infraaquecedores.com.br\/index.php\/wp-json\/wp\/v2\/pages\/1819\/revisions"}],"predecessor-version":[{"id":1830,"href":"https:\/\/infraaquecedores.com.br\/index.php\/wp-json\/wp\/v2\/pages\/1819\/revisions\/1830"}],"wp:attachment":[{"href":"https:\/\/infraaquecedores.com.br\/index.php\/wp-json\/wp\/v2\/media?parent=1819"}],"curies":[{"name":"wp","href":"https:\/\/api.w.org\/{rel}","templated":true}]}}