{"id":1831,"date":"2024-02-09T13:36:32","date_gmt":"2024-02-09T16:36:32","guid":{"rendered":"https:\/\/infraaquecedores.com.br\/?page_id=1831"},"modified":"2024-02-09T13:39:25","modified_gmt":"2024-02-09T16:39:25","slug":"rinnai-3-2-2-2-2-2-3-3","status":"publish","type":"page","link":"https:\/\/infraaquecedores.com.br\/index.php\/rinnai-3-2-2-2-2-2-3-3\/","title":{"rendered":"Tubula\u00e7\u00e3o de g\u00e1s"},"content":{"rendered":"\t\t<div data-elementor-type=\"wp-page\" data-elementor-id=\"1831\" class=\"elementor elementor-1831\" data-elementor-post-type=\"page\">\n\t\t\t\t\t\t<section class=\"elementor-section elementor-top-section elementor-element elementor-element-7702b05a elementor-reverse-tablet elementor-reverse-mobile elementor-section-boxed elementor-section-height-default elementor-section-height-default\" data-id=\"7702b05a\" data-element_type=\"section\">\n\t\t\t\t\t\t<div class=\"elementor-container elementor-column-gap-default\">\n\t\t\t\t\t<div class=\"elementor-column elementor-col-33 elementor-top-column elementor-element elementor-element-2585ca03 elementor-invisible\" data-id=\"2585ca03\" data-element_type=\"column\" data-settings=\"{&quot;animation&quot;:&quot;fadeIn&quot;,&quot;animation_delay&quot;:300}\">\n\t\t\t<div class=\"elementor-widget-wrap elementor-element-populated\">\n\t\t\t\t\t\t<section class=\"elementor-section elementor-inner-section elementor-element elementor-element-2bb3f1ea elementor-section-boxed elementor-section-height-default elementor-section-height-default\" data-id=\"2bb3f1ea\" data-element_type=\"section\" data-settings=\"{&quot;background_background&quot;:&quot;classic&quot;}\">\n\t\t\t\t\t\t\t<div class=\"elementor-background-overlay\"><\/div>\n\t\t\t\t\t\t\t<div class=\"elementor-container elementor-column-gap-default\">\n\t\t\t\t\t<div class=\"elementor-column elementor-col-100 elementor-inner-column elementor-element elementor-element-4850b5b4\" data-id=\"4850b5b4\" data-element_type=\"column\">\n\t\t\t<div class=\"elementor-widget-wrap elementor-element-populated\">\n\t\t\t\t\t\t<div class=\"elementor-element elementor-element-49169db3 elementor-widget elementor-widget-heading\" data-id=\"49169db3\" data-element_type=\"widget\" data-widget_type=\"heading.default\">\n\t\t\t\t<div class=\"elementor-widget-container\">\n\t\t\t\t\t<div class=\"elementor-heading-title elementor-size-default\">Tubula\u00e7\u00e3o de G\u00e1s<\/div>\t\t\t\t<\/div>\n\t\t\t\t<\/div>\n\t\t\t\t\t<\/div>\n\t\t<\/div>\n\t\t\t\t\t<\/div>\n\t\t<\/section>\n\t\t\t\t<div class=\"elementor-element elementor-element-16d94f4 elementor-widget elementor-widget-image\" data-id=\"16d94f4\" data-element_type=\"widget\" data-widget_type=\"image.default\">\n\t\t\t\t<div class=\"elementor-widget-container\">\n\t\t\t\t\t\t\t\t\t\t\t\t\t\t\t<img fetchpriority=\"high\" decoding=\"async\" width=\"768\" height=\"1024\" src=\"https:\/\/infraaquecedores.com.br\/wp-content\/uploads\/2024\/02\/Imagem-do-WhatsApp-de-2023-09-29-as-15.59.53_7b9ae4d4.jpg\" class=\"attachment-large size-large wp-image-1833\" alt=\"\" srcset=\"https:\/\/infraaquecedores.com.br\/wp-content\/uploads\/2024\/02\/Imagem-do-WhatsApp-de-2023-09-29-as-15.59.53_7b9ae4d4.jpg 768w, https:\/\/infraaquecedores.com.br\/wp-content\/uploads\/2024\/02\/Imagem-do-WhatsApp-de-2023-09-29-as-15.59.53_7b9ae4d4-225x300.jpg 225w\" sizes=\"(max-width: 768px) 100vw, 768px\" \/>\t\t\t\t\t\t\t\t\t\t\t\t\t\t\t<\/div>\n\t\t\t\t<\/div>\n\t\t\t\t<div class=\"elementor-element elementor-element-28b4a96b elementor-align-justify elementor-widget elementor-widget-button\" data-id=\"28b4a96b\" data-element_type=\"widget\" data-widget_type=\"button.default\">\n\t\t\t\t<div class=\"elementor-widget-container\">\n\t\t\t\t\t\t\t\t\t<div class=\"elementor-button-wrapper\">\n\t\t\t\t\t<a class=\"elementor-button elementor-button-link elementor-size-md\" href=\"https:\/\/api.whatsapp.com\/send?phone=5511963400475&#038;text=Ol%C3%A1,%20tenho%20interesse%20em%20manuten%C3%A7%C3%A3o%20de%20aquecedores,%20pode%20me%20ajudar?\">\n\t\t\t\t\t\t<span class=\"elementor-button-content-wrapper\">\n\t\t\t\t\t\t\t\t\t<span class=\"elementor-button-text\">contratar<\/span>\n\t\t\t\t\t<\/span>\n\t\t\t\t\t<\/a>\n\t\t\t\t<\/div>\n\t\t\t\t\t\t\t\t<\/div>\n\t\t\t\t<\/div>\n\t\t\t\t\t<\/div>\n\t\t<\/div>\n\t\t\t\t<div class=\"elementor-column elementor-col-66 elementor-top-column elementor-element elementor-element-1ebe1f8a elementor-invisible\" data-id=\"1ebe1f8a\" data-element_type=\"column\" data-settings=\"{&quot;animation&quot;:&quot;fadeIn&quot;,&quot;animation_delay&quot;:200}\">\n\t\t\t<div class=\"elementor-widget-wrap elementor-element-populated\">\n\t\t\t\t\t\t<div class=\"elementor-element elementor-element-5580a2c3 elementor-skin-carousel elementor-pagination-type-bullets elementor-pagination-position-outside elementor-widget elementor-widget-media-carousel\" data-id=\"5580a2c3\" data-element_type=\"widget\" data-settings=\"{&quot;slides_per_view&quot;:&quot;3&quot;,&quot;slides_to_scroll&quot;:&quot;1&quot;,&quot;lazyload&quot;:&quot;yes&quot;,&quot;space_between&quot;:{&quot;unit&quot;:&quot;px&quot;,&quot;size&quot;:14,&quot;sizes&quot;:[]},&quot;skin&quot;:&quot;carousel&quot;,&quot;effect&quot;:&quot;slide&quot;,&quot;pagination&quot;:&quot;bullets&quot;,&quot;speed&quot;:500,&quot;autoplay&quot;:&quot;yes&quot;,&quot;autoplay_speed&quot;:5000,&quot;loop&quot;:&quot;yes&quot;,&quot;pause_on_hover&quot;:&quot;yes&quot;,&quot;pause_on_interaction&quot;:&quot;yes&quot;,&quot;space_between_tablet&quot;:{&quot;unit&quot;:&quot;px&quot;,&quot;size&quot;:10,&quot;sizes&quot;:[]},&quot;space_between_mobile&quot;:{&quot;unit&quot;:&quot;px&quot;,&quot;size&quot;:10,&quot;sizes&quot;:[]}}\" data-widget_type=\"media-carousel.default\">\n\t\t\t\t<div class=\"elementor-widget-container\">\n\t\t\t\t\t\t\t<div class=\"elementor-swiper\">\n\t\t\t<div class=\"elementor-main-swiper swiper\">\n\t\t\t\t<div class=\"swiper-wrapper\">\n\t\t\t\t\t\t\t\t\t\t\t<div class=\"swiper-slide\">\n\t\t\t\t\t\t\t\t\t<div class=\"elementor-carousel-image swiper-lazy\" role=\"img\" aria-label=\"Imagem do WhatsApp de 2023-09-29 \u00e0(s) 15.59.46_e343fcba\" data-background=\"https:\/\/infraaquecedores.com.br\/wp-content\/uploads\/2024\/02\/Imagem-do-WhatsApp-de-2023-09-29-as-15.59.46_e343fcba.jpg\">\n\n\t\t\t\t\t\t\t<div class=\"swiper-lazy-preloader\"><\/div>\n\t\t\t\n\t\t\t\t\t<\/div>\n\t\t\t\t\t\t\t\t<\/div>\n\t\t\t\t\t\t\t\t\t\t\t<div class=\"swiper-slide\">\n\t\t\t\t\t\t\t\t\t<div class=\"elementor-carousel-image swiper-lazy\" role=\"img\" aria-label=\"Imagem do WhatsApp de 2023-09-29 \u00e0(s) 16.00.29_8ffaf566\" data-background=\"https:\/\/infraaquecedores.com.br\/wp-content\/uploads\/2024\/02\/Imagem-do-WhatsApp-de-2023-09-29-as-16.00.29_8ffaf566.jpg\">\n\n\t\t\t\t\t\t\t<div class=\"swiper-lazy-preloader\"><\/div>\n\t\t\t\n\t\t\t\t\t<\/div>\n\t\t\t\t\t\t\t\t<\/div>\n\t\t\t\t\t\t\t\t\t\t\t<div class=\"swiper-slide\">\n\t\t\t\t\t\t\t\t\t<div class=\"elementor-carousel-image swiper-lazy\" role=\"img\" aria-label=\"Imagem do WhatsApp de 2023-09-29 \u00e0(s) 16.01.02_3a9e4521\" data-background=\"https:\/\/infraaquecedores.com.br\/wp-content\/uploads\/2024\/02\/Imagem-do-WhatsApp-de-2023-09-29-as-16.01.02_3a9e4521.jpg\">\n\n\t\t\t\t\t\t\t<div class=\"swiper-lazy-preloader\"><\/div>\n\t\t\t\n\t\t\t\t\t<\/div>\n\t\t\t\t\t\t\t\t<\/div>\n\t\t\t\t\t\t\t\t\t\t\t<div class=\"swiper-slide\">\n\t\t\t\t\t\t\t\t\t<div class=\"elementor-carousel-image swiper-lazy\" role=\"img\" aria-label=\"Imagem do WhatsApp de 2023-12-10 \u00e0(s) 07.56.48_3e6bcdad\" data-background=\"https:\/\/infraaquecedores.com.br\/wp-content\/uploads\/2024\/02\/Imagem-do-WhatsApp-de-2023-12-10-as-07.56.48_3e6bcdad.jpg\">\n\n\t\t\t\t\t\t\t<div class=\"swiper-lazy-preloader\"><\/div>\n\t\t\t\n\t\t\t\t\t<\/div>\n\t\t\t\t\t\t\t\t<\/div>\n\t\t\t\t\t\t\t\t\t\t\t<div class=\"swiper-slide\">\n\t\t\t\t\t\t\t\t\t<div class=\"elementor-carousel-image swiper-lazy\" role=\"img\" aria-label=\"Imagem do WhatsApp de 2023-12-10 \u00e0(s) 07.56.48_11c0652f\" data-background=\"https:\/\/infraaquecedores.com.br\/wp-content\/uploads\/2024\/02\/Imagem-do-WhatsApp-de-2023-12-10-as-07.56.48_11c0652f.jpg\">\n\n\t\t\t\t\t\t\t<div class=\"swiper-lazy-preloader\"><\/div>\n\t\t\t\n\t\t\t\t\t<\/div>\n\t\t\t\t\t\t\t\t<\/div>\n\t\t\t\t\t\t\t\t\t\t\t<div class=\"swiper-slide\">\n\t\t\t\t\t\t\t\t\t<div class=\"elementor-carousel-image swiper-lazy\" role=\"img\" aria-label=\"Imagem do WhatsApp de 2023-12-10 \u00e0(s) 07.56.48_bab27fcd\" data-background=\"https:\/\/infraaquecedores.com.br\/wp-content\/uploads\/2024\/02\/Imagem-do-WhatsApp-de-2023-12-10-as-07.56.48_bab27fcd-1.jpg\">\n\n\t\t\t\t\t\t\t<div class=\"swiper-lazy-preloader\"><\/div>\n\t\t\t\n\t\t\t\t\t<\/div>\n\t\t\t\t\t\t\t\t<\/div>\n\t\t\t\t\t\t\t\t\t<\/div>\n\t\t\t\t\t\t\t\t\t\t\t\t\t\t\t<div class=\"swiper-pagination\"><\/div>\n\t\t\t\t\t\t\t\t\t\t\t\t\t\t\t\t\t<\/div>\n\t\t<\/div>\n\t\t\t\t\t\t<\/div>\n\t\t\t\t<\/div>\n\t\t\t\t<div class=\"elementor-element elementor-element-284243e1 elementor-widget elementor-widget-heading\" data-id=\"284243e1\" data-element_type=\"widget\" data-widget_type=\"heading.default\">\n\t\t\t\t<div class=\"elementor-widget-container\">\n\t\t\t\t\t<h3 class=\"elementor-heading-title elementor-size-default\">Tubula\u00e7\u00e3o pex (g\u00e1s encanado)<\/h3>\t\t\t\t<\/div>\n\t\t\t\t<\/div>\n\t\t\t\t<div class=\"elementor-element elementor-element-51e6196c elementor-widget elementor-widget-text-editor\" data-id=\"51e6196c\" data-element_type=\"widget\" data-widget_type=\"text-editor.default\">\n\t\t\t\t<div class=\"elementor-widget-container\">\n\t\t\t\t\t\t\t\t\t<p>A seguran\u00e7a da sua casa come\u00e7a com uma instala\u00e7\u00e3o confi\u00e1vel de tubula\u00e7\u00e3o de g\u00e1s encanado, e a Infra Aquecedores \u00e9 a sua escolha para garantir tranquilidade e efici\u00eancia.<\/p><p><strong>Inova\u00e7\u00e3o em Tubula\u00e7\u00e3o:<\/strong><\/p><p>Utilizamos a tecnologia PEX, proporcionando uma tubula\u00e7\u00e3o de g\u00e1s resistente, flex\u00edvel e dur\u00e1vel. Conte com a Infra Aquecedores para uma instala\u00e7\u00e3o que atende aos mais altos padr\u00f5es de qualidade e seguran\u00e7a.<\/p><p><strong>Rapidez e Efici\u00eancia:<\/strong><\/p><p>Nossos t\u00e9cnicos altamente treinados realizam a instala\u00e7\u00e3o da tubula\u00e7\u00e3o de g\u00e1s de forma r\u00e1pida e eficiente, minimizando qualquer interrup\u00e7\u00e3o na sua rotina. A Infra Aquecedores torna o processo f\u00e1cil para voc\u00ea.<\/p><p><strong>Experi\u00eancia e Confiabilidade:<\/strong><\/p><p>Com uma d\u00e9cada de experi\u00eancia no mercado, a Infra Aquecedores \u00e9 l\u00edder em solu\u00e7\u00f5es de g\u00e1s. Confie em nossos t\u00e9cnicos especializados para garantir uma instala\u00e7\u00e3o de tubula\u00e7\u00e3o de g\u00e1s encanado que atenda \u00e0s suas necessidades e padr\u00f5es de seguran\u00e7a.<\/p><p><strong>Sua Casa, Nossa Prioridade:<\/strong><\/p><p>A seguran\u00e7a da sua casa \u00e9 nossa principal preocupa\u00e7\u00e3o. A Infra Aquecedores oferece uma solu\u00e7\u00e3o completa para a instala\u00e7\u00e3o de tubula\u00e7\u00e3o de g\u00e1s encanado, proporcionando conforto e tranquilidade para voc\u00ea e sua fam\u00edlia.<\/p><p>Agende agora a instala\u00e7\u00e3o da sua tubula\u00e7\u00e3o de g\u00e1s com a Infra Aquecedores e experimente a excel\u00eancia em servi\u00e7os que faz da sua seguran\u00e7a a nossa prioridade n\u00famero um!<\/p>\t\t\t\t\t\t\t\t<\/div>\n\t\t\t\t<\/div>\n\t\t\t\t<div class=\"elementor-element elementor-element-b2d154a elementor-widget elementor-widget-image\" data-id=\"b2d154a\" data-element_type=\"widget\" data-widget_type=\"image.default\">\n\t\t\t\t<div class=\"elementor-widget-container\">\n\t\t\t\t\t\t\t\t\t\t\t\t\t\t\t<img decoding=\"async\" width=\"768\" height=\"1024\" src=\"https:\/\/infraaquecedores.com.br\/wp-content\/uploads\/2024\/02\/Imagem-do-WhatsApp-de-2023-09-29-as-16.01.02_3a9e4521.jpg\" class=\"attachment-large size-large wp-image-1836\" alt=\"\" srcset=\"https:\/\/infraaquecedores.com.br\/wp-content\/uploads\/2024\/02\/Imagem-do-WhatsApp-de-2023-09-29-as-16.01.02_3a9e4521.jpg 768w, https:\/\/infraaquecedores.com.br\/wp-content\/uploads\/2024\/02\/Imagem-do-WhatsApp-de-2023-09-29-as-16.01.02_3a9e4521-225x300.jpg 225w\" sizes=\"(max-width: 768px) 100vw, 768px\" \/>\t\t\t\t\t\t\t\t\t\t\t\t\t\t\t<\/div>\n\t\t\t\t<\/div>\n\t\t\t\t\t<\/div>\n\t\t<\/div>\n\t\t\t\t\t<\/div>\n\t\t<\/section>\n\t\t\t\t<\/div>\n\t\t","protected":false},"excerpt":{"rendered":"<p>Tubula\u00e7\u00e3o de G\u00e1s contratar Tubula\u00e7\u00e3o pex (g\u00e1s encanado) A seguran\u00e7a da sua casa come\u00e7a com uma instala\u00e7\u00e3o confi\u00e1vel de tubula\u00e7\u00e3o de g\u00e1s encanado, e a Infra Aquecedores \u00e9 a sua escolha para garantir tranquilidade e efici\u00eancia. Inova\u00e7\u00e3o em Tubula\u00e7\u00e3o: Utilizamos a tecnologia PEX, proporcionando uma tubula\u00e7\u00e3o de g\u00e1s resistente, flex\u00edvel e dur\u00e1vel. Conte com a [&hellip;]<\/p>\n","protected":false},"author":1,"featured_media":0,"parent":0,"menu_order":0,"comment_status":"closed","ping_status":"closed","template":"","meta":{"om_disable_all_campaigns":false,"_monsterinsights_skip_tracking":false,"_monsterinsights_sitenote_active":false,"_monsterinsights_sitenote_note":"","_monsterinsights_sitenote_category":0,"footnotes":"","_joinchat":[]},"aioseo_notices":[],"_links":{"self":[{"href":"https:\/\/infraaquecedores.com.br\/index.php\/wp-json\/wp\/v2\/pages\/1831"}],"collection":[{"href":"https:\/\/infraaquecedores.com.br\/index.php\/wp-json\/wp\/v2\/pages"}],"about":[{"href":"https:\/\/infraaquecedores.com.br\/index.php\/wp-json\/wp\/v2\/types\/page"}],"author":[{"embeddable":true,"href":"https:\/\/infraaquecedores.com.br\/index.php\/wp-json\/wp\/v2\/users\/1"}],"replies":[{"embeddable":true,"href":"https:\/\/infraaquecedores.com.br\/index.php\/wp-json\/wp\/v2\/comments?post=1831"}],"version-history":[{"count":7,"href":"https:\/\/infraaquecedores.com.br\/index.php\/wp-json\/wp\/v2\/pages\/1831\/revisions"}],"predecessor-version":[{"id":1845,"href":"https:\/\/infraaquecedores.com.br\/index.php\/wp-json\/wp\/v2\/pages\/1831\/revisions\/1845"}],"wp:attachment":[{"href":"https:\/\/infraaquecedores.com.br\/index.php\/wp-json\/wp\/v2\/media?parent=1831"}],"curies":[{"name":"wp","href":"https:\/\/api.w.org\/{rel}","templated":true}]}}