{"id":490,"date":"2024-01-24T13:00:52","date_gmt":"2024-01-24T16:00:52","guid":{"rendered":"https:\/\/infraaquecedores.com.br\/?page_id=490"},"modified":"2024-02-06T22:46:25","modified_gmt":"2024-02-07T01:46:25","slug":"rinnai-4-6","status":"publish","type":"page","link":"https:\/\/infraaquecedores.com.br\/index.php\/rinnai-4-6\/","title":{"rendered":"Rinnai &#8211; REU2802 FEC I OK"},"content":{"rendered":"\t\t<div data-elementor-type=\"wp-page\" data-elementor-id=\"490\" class=\"elementor elementor-490\" data-elementor-post-type=\"page\">\n\t\t\t\t\t\t<section class=\"elementor-section elementor-top-section elementor-element elementor-element-7702b05a elementor-reverse-tablet elementor-reverse-mobile elementor-section-boxed elementor-section-height-default elementor-section-height-default\" data-id=\"7702b05a\" data-element_type=\"section\">\n\t\t\t\t\t\t<div class=\"elementor-container elementor-column-gap-default\">\n\t\t\t\t\t<div class=\"elementor-column elementor-col-33 elementor-top-column elementor-element elementor-element-2585ca03 elementor-invisible\" data-id=\"2585ca03\" data-element_type=\"column\" data-settings=\"{&quot;animation&quot;:&quot;fadeIn&quot;,&quot;animation_delay&quot;:300}\">\n\t\t\t<div class=\"elementor-widget-wrap elementor-element-populated\">\n\t\t\t\t\t\t<section class=\"elementor-section elementor-inner-section elementor-element elementor-element-2bb3f1ea elementor-section-boxed elementor-section-height-default elementor-section-height-default\" data-id=\"2bb3f1ea\" data-element_type=\"section\" data-settings=\"{&quot;background_background&quot;:&quot;classic&quot;}\">\n\t\t\t\t\t\t\t<div class=\"elementor-background-overlay\"><\/div>\n\t\t\t\t\t\t\t<div class=\"elementor-container elementor-column-gap-default\">\n\t\t\t\t\t<div class=\"elementor-column elementor-col-100 elementor-inner-column elementor-element elementor-element-4850b5b4\" data-id=\"4850b5b4\" data-element_type=\"column\">\n\t\t\t<div class=\"elementor-widget-wrap elementor-element-populated\">\n\t\t\t\t\t\t<div class=\"elementor-element elementor-element-49169db3 elementor-widget elementor-widget-heading\" data-id=\"49169db3\" data-element_type=\"widget\" data-widget_type=\"heading.default\">\n\t\t\t\t<div class=\"elementor-widget-container\">\n\t\t\t\t\t<div class=\"elementor-heading-title elementor-size-default\">Rinnai - REU 2802 FEC<\/div>\t\t\t\t<\/div>\n\t\t\t\t<\/div>\n\t\t\t\t\t<\/div>\n\t\t<\/div>\n\t\t\t\t\t<\/div>\n\t\t<\/section>\n\t\t\t\t<div class=\"elementor-element elementor-element-16d94f4 elementor-widget elementor-widget-image\" data-id=\"16d94f4\" data-element_type=\"widget\" data-widget_type=\"image.default\">\n\t\t\t\t<div class=\"elementor-widget-container\">\n\t\t\t\t\t\t\t\t\t\t\t\t\t\t\t<img fetchpriority=\"high\" decoding=\"async\" width=\"800\" height=\"640\" src=\"https:\/\/infraaquecedores.com.br\/wp-content\/uploads\/2024\/02\/CAPA-5.png\" class=\"attachment-large size-large wp-image-1351\" alt=\"\" srcset=\"https:\/\/infraaquecedores.com.br\/wp-content\/uploads\/2024\/02\/CAPA-5.png 1000w, https:\/\/infraaquecedores.com.br\/wp-content\/uploads\/2024\/02\/CAPA-5-300x240.png 300w, https:\/\/infraaquecedores.com.br\/wp-content\/uploads\/2024\/02\/CAPA-5-768x614.png 768w\" sizes=\"(max-width: 800px) 100vw, 800px\" \/>\t\t\t\t\t\t\t\t\t\t\t\t\t\t\t<\/div>\n\t\t\t\t<\/div>\n\t\t\t\t<div class=\"elementor-element elementor-element-28b4a96b elementor-align-justify elementor-widget elementor-widget-button\" data-id=\"28b4a96b\" data-element_type=\"widget\" data-widget_type=\"button.default\">\n\t\t\t\t<div class=\"elementor-widget-container\">\n\t\t\t\t\t\t\t\t\t<div class=\"elementor-button-wrapper\">\n\t\t\t\t\t<a class=\"elementor-button elementor-button-link elementor-size-md\" href=\"https:\/\/api.whatsapp.com\/send?phone=5511963400475&#038;text=Ol%C3%A1,%20tenho%20interesse%20em%20adquirir%20o%20aquecedor%20Rinnai%20REU%202802%20FEC,%20pode%20me%20ajudar?\">\n\t\t\t\t\t\t<span class=\"elementor-button-content-wrapper\">\n\t\t\t\t\t\t\t\t\t<span class=\"elementor-button-text\">COMPRAR<\/span>\n\t\t\t\t\t<\/span>\n\t\t\t\t\t<\/a>\n\t\t\t\t<\/div>\n\t\t\t\t\t\t\t\t<\/div>\n\t\t\t\t<\/div>\n\t\t\t\t<div class=\"elementor-element elementor-element-70c0e72 elementor-align-justify elementor-widget elementor-widget-button\" data-id=\"70c0e72\" data-element_type=\"widget\" data-widget_type=\"button.default\">\n\t\t\t\t<div class=\"elementor-widget-container\">\n\t\t\t\t\t\t\t\t\t<div class=\"elementor-button-wrapper\">\n\t\t\t\t\t<a class=\"elementor-button elementor-button-link elementor-size-md\" href=\"https:\/\/www.rinnai.com.br\/uploads\/catalogo\/133.pdf\">\n\t\t\t\t\t\t<span class=\"elementor-button-content-wrapper\">\n\t\t\t\t\t\t<span class=\"elementor-button-icon\">\n\t\t\t\t<svg aria-hidden=\"true\" class=\"e-font-icon-svg e-fas-file-pdf\" viewBox=\"0 0 384 512\" xmlns=\"http:\/\/www.w3.org\/2000\/svg\"><path d=\"M181.9 256.1c-5-16-4.9-46.9-2-46.9 8.4 0 7.6 36.9 2 46.9zm-1.7 47.2c-7.7 20.2-17.3 43.3-28.4 62.7 18.3-7 39-17.2 62.9-21.9-12.7-9.6-24.9-23.4-34.5-40.8zM86.1 428.1c0 .8 13.2-5.4 34.9-40.2-6.7 6.3-29.1 24.5-34.9 40.2zM248 160h136v328c0 13.3-10.7 24-24 24H24c-13.3 0-24-10.7-24-24V24C0 10.7 10.7 0 24 0h200v136c0 13.2 10.8 24 24 24zm-8 171.8c-20-12.2-33.3-29-42.7-53.8 4.5-18.5 11.6-46.6 6.2-64.2-4.7-29.4-42.4-26.5-47.8-6.8-5 18.3-.4 44.1 8.1 77-11.6 27.6-28.7 64.6-40.8 85.8-.1 0-.1.1-.2.1-27.1 13.9-73.6 44.5-54.5 68 5.6 6.9 16 10 21.5 10 17.9 0 35.7-18 61.1-61.8 25.8-8.5 54.1-19.1 79-23.2 21.7 11.8 47.1 19.5 64 19.5 29.2 0 31.2-32 19.7-43.4-13.9-13.6-54.3-9.7-73.6-7.2zM377 105L279 7c-4.5-4.5-10.6-7-17-7h-6v128h128v-6.1c0-6.3-2.5-12.4-7-16.9zm-74.1 255.3c4.1-2.7-2.5-11.9-42.8-9 37.1 15.8 42.8 9 42.8 9z\"><\/path><\/svg>\t\t\t<\/span>\n\t\t\t\t\t\t\t\t\t<span class=\"elementor-button-text\">CAT\u00c1LOGO<\/span>\n\t\t\t\t\t<\/span>\n\t\t\t\t\t<\/a>\n\t\t\t\t<\/div>\n\t\t\t\t\t\t\t\t<\/div>\n\t\t\t\t<\/div>\n\t\t\t\t\t<\/div>\n\t\t<\/div>\n\t\t\t\t<div class=\"elementor-column elementor-col-66 elementor-top-column elementor-element elementor-element-1ebe1f8a elementor-invisible\" data-id=\"1ebe1f8a\" data-element_type=\"column\" data-settings=\"{&quot;animation&quot;:&quot;fadeIn&quot;,&quot;animation_delay&quot;:200}\">\n\t\t\t<div class=\"elementor-widget-wrap elementor-element-populated\">\n\t\t\t\t\t\t<div class=\"elementor-element elementor-element-5580a2c3 elementor-skin-carousel elementor-pagination-type-bullets elementor-pagination-position-outside elementor-widget elementor-widget-media-carousel\" data-id=\"5580a2c3\" data-element_type=\"widget\" data-settings=\"{&quot;slides_per_view&quot;:&quot;3&quot;,&quot;slides_to_scroll&quot;:&quot;1&quot;,&quot;lazyload&quot;:&quot;yes&quot;,&quot;space_between&quot;:{&quot;unit&quot;:&quot;px&quot;,&quot;size&quot;:14,&quot;sizes&quot;:[]},&quot;skin&quot;:&quot;carousel&quot;,&quot;effect&quot;:&quot;slide&quot;,&quot;pagination&quot;:&quot;bullets&quot;,&quot;speed&quot;:500,&quot;autoplay&quot;:&quot;yes&quot;,&quot;autoplay_speed&quot;:5000,&quot;loop&quot;:&quot;yes&quot;,&quot;pause_on_hover&quot;:&quot;yes&quot;,&quot;pause_on_interaction&quot;:&quot;yes&quot;,&quot;space_between_tablet&quot;:{&quot;unit&quot;:&quot;px&quot;,&quot;size&quot;:10,&quot;sizes&quot;:[]},&quot;space_between_mobile&quot;:{&quot;unit&quot;:&quot;px&quot;,&quot;size&quot;:10,&quot;sizes&quot;:[]}}\" data-widget_type=\"media-carousel.default\">\n\t\t\t\t<div class=\"elementor-widget-container\">\n\t\t\t\t\t\t\t<div class=\"elementor-swiper\">\n\t\t\t<div class=\"elementor-main-swiper swiper\">\n\t\t\t\t<div class=\"swiper-wrapper\">\n\t\t\t\t\t\t\t\t\t\t\t<div class=\"swiper-slide\">\n\t\t\t\t\t\t\t\t\t<div class=\"elementor-carousel-image swiper-lazy\" role=\"img\" aria-label=\"2\" data-background=\"https:\/\/infraaquecedores.com.br\/wp-content\/uploads\/2024\/01\/2-25.png\">\n\n\t\t\t\t\t\t\t<div class=\"swiper-lazy-preloader\"><\/div>\n\t\t\t\n\t\t\t\t\t<\/div>\n\t\t\t\t\t\t\t\t<\/div>\n\t\t\t\t\t\t\t\t\t\t\t<div class=\"swiper-slide\">\n\t\t\t\t\t\t\t\t\t<div class=\"elementor-carousel-image swiper-lazy\" role=\"img\" aria-label=\"3\" data-background=\"https:\/\/infraaquecedores.com.br\/wp-content\/uploads\/2024\/01\/3-25.png\">\n\n\t\t\t\t\t\t\t<div class=\"swiper-lazy-preloader\"><\/div>\n\t\t\t\n\t\t\t\t\t<\/div>\n\t\t\t\t\t\t\t\t<\/div>\n\t\t\t\t\t\t\t\t\t\t\t<div class=\"swiper-slide\">\n\t\t\t\t\t\t\t\t\t<div class=\"elementor-carousel-image swiper-lazy\" role=\"img\" aria-label=\"4\" data-background=\"https:\/\/infraaquecedores.com.br\/wp-content\/uploads\/2024\/01\/4-19.png\">\n\n\t\t\t\t\t\t\t<div class=\"swiper-lazy-preloader\"><\/div>\n\t\t\t\n\t\t\t\t\t<\/div>\n\t\t\t\t\t\t\t\t<\/div>\n\t\t\t\t\t\t\t\t\t\t\t<div class=\"swiper-slide\">\n\t\t\t\t\t\t\t\t\t<div class=\"elementor-carousel-image swiper-lazy\" role=\"img\" aria-label=\"5\" data-background=\"https:\/\/infraaquecedores.com.br\/wp-content\/uploads\/2024\/01\/5-16.png\">\n\n\t\t\t\t\t\t\t<div class=\"swiper-lazy-preloader\"><\/div>\n\t\t\t\n\t\t\t\t\t<\/div>\n\t\t\t\t\t\t\t\t<\/div>\n\t\t\t\t\t\t\t\t\t\t\t<div class=\"swiper-slide\">\n\t\t\t\t\t\t\t\t\t<div class=\"elementor-carousel-image swiper-lazy\" role=\"img\" aria-label=\"6\" data-background=\"https:\/\/infraaquecedores.com.br\/wp-content\/uploads\/2024\/01\/6-8.png\">\n\n\t\t\t\t\t\t\t<div class=\"swiper-lazy-preloader\"><\/div>\n\t\t\t\n\t\t\t\t\t<\/div>\n\t\t\t\t\t\t\t\t<\/div>\n\t\t\t\t\t\t\t\t\t<\/div>\n\t\t\t\t\t\t\t\t\t\t\t\t\t\t\t<div class=\"swiper-pagination\"><\/div>\n\t\t\t\t\t\t\t\t\t\t\t\t\t\t\t\t\t<\/div>\n\t\t<\/div>\n\t\t\t\t\t\t<\/div>\n\t\t\t\t<\/div>\n\t\t\t\t<div class=\"elementor-element elementor-element-886af37 elementor-skin-carousel elementor-pagination-type-bullets elementor-pagination-position-outside elementor-widget elementor-widget-media-carousel\" data-id=\"886af37\" data-element_type=\"widget\" data-settings=\"{&quot;slides_per_view&quot;:&quot;3&quot;,&quot;slides_to_scroll&quot;:&quot;1&quot;,&quot;lazyload&quot;:&quot;yes&quot;,&quot;space_between&quot;:{&quot;unit&quot;:&quot;px&quot;,&quot;size&quot;:14,&quot;sizes&quot;:[]},&quot;skin&quot;:&quot;carousel&quot;,&quot;effect&quot;:&quot;slide&quot;,&quot;pagination&quot;:&quot;bullets&quot;,&quot;speed&quot;:500,&quot;autoplay&quot;:&quot;yes&quot;,&quot;autoplay_speed&quot;:5000,&quot;loop&quot;:&quot;yes&quot;,&quot;pause_on_hover&quot;:&quot;yes&quot;,&quot;pause_on_interaction&quot;:&quot;yes&quot;,&quot;space_between_tablet&quot;:{&quot;unit&quot;:&quot;px&quot;,&quot;size&quot;:10,&quot;sizes&quot;:[]},&quot;space_between_mobile&quot;:{&quot;unit&quot;:&quot;px&quot;,&quot;size&quot;:10,&quot;sizes&quot;:[]}}\" data-widget_type=\"media-carousel.default\">\n\t\t\t\t<div class=\"elementor-widget-container\">\n\t\t\t\t\t\t\t<div class=\"elementor-swiper\">\n\t\t\t<div class=\"elementor-main-swiper swiper\">\n\t\t\t\t<div class=\"swiper-wrapper\">\n\t\t\t\t\t\t\t\t\t\t\t<div class=\"swiper-slide\">\n\t\t\t\t\t\t\t\t\t<div class=\"elementor-carousel-image swiper-lazy\" role=\"img\" aria-label=\"1\" data-background=\"https:\/\/infraaquecedores.com.br\/wp-content\/uploads\/2024\/02\/1-10.png\">\n\n\t\t\t\t\t\t\t<div class=\"swiper-lazy-preloader\"><\/div>\n\t\t\t\n\t\t\t\t\t<\/div>\n\t\t\t\t\t\t\t\t<\/div>\n\t\t\t\t\t\t\t\t\t\t\t<div class=\"swiper-slide\">\n\t\t\t\t\t\t\t\t\t<div class=\"elementor-carousel-image swiper-lazy\" role=\"img\" aria-label=\"2\" data-background=\"https:\/\/infraaquecedores.com.br\/wp-content\/uploads\/2024\/02\/2-9.png\">\n\n\t\t\t\t\t\t\t<div class=\"swiper-lazy-preloader\"><\/div>\n\t\t\t\n\t\t\t\t\t<\/div>\n\t\t\t\t\t\t\t\t<\/div>\n\t\t\t\t\t\t\t\t\t\t\t<div class=\"swiper-slide\">\n\t\t\t\t\t\t\t\t\t<div class=\"elementor-carousel-image swiper-lazy\" role=\"img\" aria-label=\"3\" data-background=\"https:\/\/infraaquecedores.com.br\/wp-content\/uploads\/2024\/02\/3-6.png\">\n\n\t\t\t\t\t\t\t<div class=\"swiper-lazy-preloader\"><\/div>\n\t\t\t\n\t\t\t\t\t<\/div>\n\t\t\t\t\t\t\t\t<\/div>\n\t\t\t\t\t\t\t\t\t\t\t<div class=\"swiper-slide\">\n\t\t\t\t\t\t\t\t\t<div class=\"elementor-carousel-image swiper-lazy\" role=\"img\" aria-label=\"5\" data-background=\"https:\/\/infraaquecedores.com.br\/wp-content\/uploads\/2024\/01\/5-16.png\">\n\n\t\t\t\t\t\t\t<div class=\"swiper-lazy-preloader\"><\/div>\n\t\t\t\n\t\t\t\t\t<\/div>\n\t\t\t\t\t\t\t\t<\/div>\n\t\t\t\t\t\t\t\t\t\t\t<div class=\"swiper-slide\">\n\t\t\t\t\t\t\t\t\t<div class=\"elementor-carousel-image swiper-lazy\" role=\"img\" aria-label=\"6\" data-background=\"https:\/\/infraaquecedores.com.br\/wp-content\/uploads\/2024\/02\/6.png\">\n\n\t\t\t\t\t\t\t<div class=\"swiper-lazy-preloader\"><\/div>\n\t\t\t\n\t\t\t\t\t<\/div>\n\t\t\t\t\t\t\t\t<\/div>\n\t\t\t\t\t\t\t\t\t<\/div>\n\t\t\t\t\t\t\t\t\t\t\t\t\t\t\t<div class=\"swiper-pagination\"><\/div>\n\t\t\t\t\t\t\t\t\t\t\t\t\t\t\t\t\t<\/div>\n\t\t<\/div>\n\t\t\t\t\t\t<\/div>\n\t\t\t\t<\/div>\n\t\t\t\t<div class=\"elementor-element elementor-element-284243e1 elementor-widget elementor-widget-heading\" data-id=\"284243e1\" data-element_type=\"widget\" data-widget_type=\"heading.default\">\n\t\t\t\t<div class=\"elementor-widget-container\">\n\t\t\t\t\t<h3 class=\"elementor-heading-title elementor-size-default\">diSCRIMINA\u00c7\u00c3O DO PRODUTO<\/h3>\t\t\t\t<\/div>\n\t\t\t\t<\/div>\n\t\t\t\t<div class=\"elementor-element elementor-element-51e6196c elementor-widget elementor-widget-text-editor\" data-id=\"51e6196c\" data-element_type=\"widget\" data-widget_type=\"text-editor.default\">\n\t\t\t\t<div class=\"elementor-widget-container\">\n\t\t\t\t\t\t\t\t\t<p>Mais conforto, seguran\u00e7a e qualidade na hora do banho, sem preocupa\u00e7\u00f5es com a conta de luz no final do m\u00eas. Fabricado no Brasil, este aquecedor possui modula\u00e7\u00e3o de chama, sistemas de seguran\u00e7a integrados, exaust\u00e3o for\u00e7ada e controle digital de temperatura.\u00a0<\/p><p>Vaz\u00e3o 35,5 l\/min. GLP<br \/>Vaz\u00e3o 35 l\/min. GN<\/p>\t\t\t\t\t\t\t\t<\/div>\n\t\t\t\t<\/div>\n\t\t\t\t<div class=\"elementor-element elementor-element-6b403285 elementor-widget elementor-widget-text-editor\" data-id=\"6b403285\" data-element_type=\"widget\" data-widget_type=\"text-editor.default\">\n\t\t\t\t<div class=\"elementor-widget-container\">\n\t\t\t\t\t\t\t\t\t<div class=\"col-md-6\"><div class=\"mt-2\"><div class=\"col-md-6\"><div class=\"mt-2\"><div class=\"col-md-6\"><div class=\"mt-2\"><img decoding=\"async\" src=\"https:\/\/www.rinnai.com.br\/content\/uploads\/icones-caracteristicas\/39e0a6ad7440c67c35265b670f7b3a38.png\" \/>\u00a0<span class=\"ml-1\">Exaust\u00e3o For\u00e7ada<\/span><\/div><div class=\"mt-2\"><img decoding=\"async\" src=\"https:\/\/www.rinnai.com.br\/content\/uploads\/icones-caracteristicas\/3d2c8f148033e413bbd290340352cd96.png\" \/>\u00a0<span class=\"ml-1\">Fabricado no Brasil<\/span><\/div><div class=\"mt-2\"><img decoding=\"async\" src=\"https:\/\/www.rinnai.com.br\/content\/uploads\/icones-caracteristicas\/25784facb60ac08bfd6c84ff5496b4ad.png\" \/>\u00a0<span class=\"ml-1\">Fun\u00e7\u00e3o Solar<\/span><\/div><div class=\"mt-2\"><img decoding=\"async\" src=\"https:\/\/www.rinnai.com.br\/content\/uploads\/icones-caracteristicas\/a7700ea9c4dc071d46c428803943ae6b.png\" \/>\u00a0<span class=\"ml-1\">Dispon\u00edvel na cor prata<\/span><\/div><div class=\"mt-2\"><img decoding=\"async\" src=\"https:\/\/www.rinnai.com.br\/content\/uploads\/icones-caracteristicas\/9f873471b8735e2a7399b25d85ec9d7b.png\" \/>\u00a0<span class=\"ml-1\">Compat\u00edvel com sistema MEC<\/span><\/div><div class=\"mt-2\"><img decoding=\"async\" src=\"https:\/\/www.rinnai.com.br\/content\/uploads\/icones-caracteristicas\/21b713e79b7db67ba0e1717b85e93c74.png\" \/>\u00a0<span class=\"ml-1\">Servo V\u00e1lvula (Prioriza\u00e7\u00e3o da temperatura)<\/span><\/div><div class=\"mt-2\"><img decoding=\"async\" src=\"https:\/\/www.rinnai.com.br\/content\/uploads\/icones-caracteristicas\/3154690925b4c1ddc88ba556fbc4e533.png\" \/>\u00a0<span class=\"ml-1\">Instala\u00e7\u00e3o Externa (com uso de acess\u00f3rio)<\/span><\/div><div class=\"mt-2\"><img decoding=\"async\" src=\"https:\/\/www.rinnai.com.br\/content\/uploads\/icones-caracteristicas\/6707747c0ef111274a4d75769f29e119.png\" \/>\u00a0<span class=\"ml-1\">Sistemas de Seguran\u00e7a Integrados<\/span><\/div><div class=\"mt-2\"><img decoding=\"async\" src=\"https:\/\/www.rinnai.com.br\/content\/uploads\/icones-caracteristicas\/5c10a8cce25933b6602be74cb9f62ac5.png\" \/>\u00a0<span class=\"ml-1\">Linha Industrial<\/span><\/div><div class=\"mt-2\"><img decoding=\"async\" src=\"https:\/\/www.rinnai.com.br\/content\/uploads\/icones-caracteristicas\/6573630f6292a62d9410000de654f07d.png\" \/>\u00a0<span class=\"ml-1\">Controle destac\u00e1vel com fio<\/span><\/div><\/div><div class=\"col-md-6\"><div class=\"mt-2\"><img decoding=\"async\" src=\"https:\/\/www.rinnai.com.br\/content\/uploads\/icones-caracteristicas\/44234f52ffa81576cc8a39c9f3c13125.png\" \/>\u00a0<span class=\"ml-1\">Chama auto-modulante<\/span><\/div><div class=\"mt-2\"><img decoding=\"async\" src=\"https:\/\/www.rinnai.com.br\/content\/uploads\/icones-caracteristicas\/49cba05da0909c8896582beff34247c1.png\" \/>\u00a0<span class=\"ml-1\">Duto de exaust\u00e3o 80mm<\/span><\/div><div class=\"mt-2\"><img decoding=\"async\" src=\"https:\/\/www.rinnai.com.br\/content\/uploads\/icones-caracteristicas\/5e4ba85a3dff4c1aa554371ff2d89361.png\" \/>\u00a0<span class=\"ml-1\">Bivolt com chaveamento HH<\/span><\/div><div class=\"mt-2\"><img decoding=\"async\" src=\"https:\/\/www.rinnai.com.br\/content\/uploads\/icones-caracteristicas\/f0c82228a2f7b9a9c5ac60a1365b3628.png\" \/>\u00a0<span class=\"ml-1\">Identifica\u00e7\u00e3o digital de c\u00f3digos de erro<\/span><\/div><div class=\"mt-2\"><img decoding=\"async\" src=\"https:\/\/www.rinnai.com.br\/content\/uploads\/icones-caracteristicas\/ec59ba3003d17082fe9dc678dfec6b0e.png\" \/>\u00a0<span class=\"ml-1\">Acendimento autom\u00e1tico<\/span><\/div><div class=\"mt-2\"><img decoding=\"async\" src=\"https:\/\/www.rinnai.com.br\/content\/uploads\/icones-caracteristicas\/f9e1157183ba863cb2d6f8b0c638492f.png\" \/>\u00a0<span class=\"ml-1\">Timer de seguran\u00e7a (60 minutos)<\/span><\/div><div class=\"mt-2\"><img decoding=\"async\" src=\"https:\/\/www.rinnai.com.br\/content\/uploads\/icones-caracteristicas\/a8b555e25e17c30bfc315ffd37d43c65.png\" \/>\u00a0<span class=\"ml-1\">3 anos de garantia (1 ano se instala\u00e7\u00e3o em uso comercial\/industrial\/intenso) *<\/span><\/div><div class=\"mt-2\"><img decoding=\"async\" src=\"https:\/\/www.rinnai.com.br\/content\/uploads\/icones-caracteristicas\/0f7ecad0627c966743883f84d3f4ce71.png\" \/>\u00a0<span class=\"ml-1\">Digital<\/span><\/div><div class=\"mt-2\"><img decoding=\"async\" src=\"https:\/\/www.rinnai.com.br\/content\/uploads\/icones-caracteristicas\/bab9f15389080351b16315524c7be999.png\" \/>\u00a0<span class=\"ml-1\">Dispon\u00edvel na cor branca<\/span><\/div><\/div><\/div><\/div><\/div><\/div>\t\t\t\t\t\t\t\t<\/div>\n\t\t\t\t<\/div>\n\t\t\t\t<div class=\"elementor-element elementor-element-532e0e60 elementor-widget elementor-widget-text-editor\" data-id=\"532e0e60\" data-element_type=\"widget\" data-widget_type=\"text-editor.default\">\n\t\t\t\t<div class=\"elementor-widget-container\">\n\t\t\t\t\t\t\t\t\t<div class=\"col-md-6\"><div class=\"mt-2\"><table border=\"1\" cellspacing=\"0\" cellpadding=\"1\"><tbody><tr><td>Dimens\u00f5es (mm) AxLxP<\/td><td colspan=\"2\">600 x 350 x 170<\/td><\/tr><tr><td>Tipo de g\u00e1s<\/td><td>GLP<\/td><td>GN<\/td><\/tr><tr><td>Pot\u00eancia Nominal Condi\u00e7\u00e3o Padr\u00e3o<\/td><td>49.256 (kcal\/h)<\/td><td>48.558 (kcal\/h)<\/td><\/tr><tr><td>Consumo M\u00e1ximo de G\u00e1s<\/td><td>4,16 Kg\/h<\/td><td>5,10 m\u00b3\/h<\/td><\/tr><tr><td>Vaz\u00e3o aproximada de \u00c1gua 20\u00ba (com misturador)<\/td><td>35,5 l\/min<\/td><td>35 l\/min<\/td><\/tr><tr><td rowspan=\"1\">Rendimento (%)<\/td><td>86 %<\/td><td>86 %<\/td><\/tr><tr><td>Di\u00e2metro da Chamin\u00e9<\/td><td colspan=\"2\">80 mm<\/td><\/tr><tr><td>Exaust\u00e3o<\/td><td colspan=\"2\">For\u00e7ada<\/td><\/tr><tr><td>Classifica\u00e7\u00e3o PBE<\/td><td>A<\/td><td>A<\/td><\/tr><tr><td>Tens\u00e3o de Alimenta\u00e7\u00e3o<\/td><td colspan=\"2\">BIVOLT (chave HH)<\/td><\/tr><\/tbody><\/table><p><em>N\u00e3o utilizar em locais m\u00f3veis (motor homes por exemplo) ou aquecimento de piscinas sem o uso de trocador de calor indireto. N\u00e3o recomendado para o uso em sistemas conjugados.<\/em><\/p><\/div><\/div>\t\t\t\t\t\t\t\t<\/div>\n\t\t\t\t<\/div>\n\t\t\t\t\t<\/div>\n\t\t<\/div>\n\t\t\t\t\t<\/div>\n\t\t<\/section>\n\t\t\t\t<\/div>\n\t\t","protected":false},"excerpt":{"rendered":"<p>Rinnai &#8211; REU 2802 FEC COMPRAR CAT\u00c1LOGO diSCRIMINA\u00c7\u00c3O DO PRODUTO Mais conforto, seguran\u00e7a e qualidade na hora do banho, sem preocupa\u00e7\u00f5es com a conta de luz no final do m\u00eas. Fabricado no Brasil, este aquecedor possui modula\u00e7\u00e3o de chama, sistemas de seguran\u00e7a integrados, exaust\u00e3o for\u00e7ada e controle digital de temperatura.\u00a0 Vaz\u00e3o 35,5 l\/min. GLPVaz\u00e3o 35 [&hellip;]<\/p>\n","protected":false},"author":1,"featured_media":0,"parent":0,"menu_order":0,"comment_status":"closed","ping_status":"closed","template":"","meta":{"om_disable_all_campaigns":false,"_monsterinsights_skip_tracking":false,"_monsterinsights_sitenote_active":false,"_monsterinsights_sitenote_note":"","_monsterinsights_sitenote_category":0,"footnotes":"","_joinchat":[]},"aioseo_notices":[],"_links":{"self":[{"href":"https:\/\/infraaquecedores.com.br\/index.php\/wp-json\/wp\/v2\/pages\/490"}],"collection":[{"href":"https:\/\/infraaquecedores.com.br\/index.php\/wp-json\/wp\/v2\/pages"}],"about":[{"href":"https:\/\/infraaquecedores.com.br\/index.php\/wp-json\/wp\/v2\/types\/page"}],"author":[{"embeddable":true,"href":"https:\/\/infraaquecedores.com.br\/index.php\/wp-json\/wp\/v2\/users\/1"}],"replies":[{"embeddable":true,"href":"https:\/\/infraaquecedores.com.br\/index.php\/wp-json\/wp\/v2\/comments?post=490"}],"version-history":[{"count":8,"href":"https:\/\/infraaquecedores.com.br\/index.php\/wp-json\/wp\/v2\/pages\/490\/revisions"}],"predecessor-version":[{"id":1355,"href":"https:\/\/infraaquecedores.com.br\/index.php\/wp-json\/wp\/v2\/pages\/490\/revisions\/1355"}],"wp:attachment":[{"href":"https:\/\/infraaquecedores.com.br\/index.php\/wp-json\/wp\/v2\/media?parent=490"}],"curies":[{"name":"wp","href":"https:\/\/api.w.org\/{rel}","templated":true}]}}