{"id":568,"date":"2024-02-02T11:36:50","date_gmt":"2024-02-02T14:36:50","guid":{"rendered":"https:\/\/infraaquecedores.com.br\/?page_id=568"},"modified":"2024-02-07T00:34:34","modified_gmt":"2024-02-07T03:34:34","slug":"rinnai-4-2","status":"publish","type":"page","link":"https:\/\/infraaquecedores.com.br\/index.php\/rinnai-4-2\/","title":{"rendered":"Rinnai &#8211; C40"},"content":{"rendered":"\t\t<div data-elementor-type=\"wp-page\" data-elementor-id=\"568\" class=\"elementor elementor-568\" data-elementor-post-type=\"page\">\n\t\t\t\t\t\t<section class=\"elementor-section elementor-top-section elementor-element elementor-element-7702b05a elementor-reverse-tablet elementor-reverse-mobile elementor-section-boxed elementor-section-height-default elementor-section-height-default\" data-id=\"7702b05a\" data-element_type=\"section\">\n\t\t\t\t\t\t<div class=\"elementor-container elementor-column-gap-default\">\n\t\t\t\t\t<div class=\"elementor-column elementor-col-33 elementor-top-column elementor-element elementor-element-2585ca03 elementor-invisible\" data-id=\"2585ca03\" data-element_type=\"column\" data-settings=\"{&quot;animation&quot;:&quot;fadeIn&quot;,&quot;animation_delay&quot;:300}\">\n\t\t\t<div class=\"elementor-widget-wrap elementor-element-populated\">\n\t\t\t\t\t\t<section class=\"elementor-section elementor-inner-section elementor-element elementor-element-2bb3f1ea elementor-section-boxed elementor-section-height-default elementor-section-height-default\" data-id=\"2bb3f1ea\" data-element_type=\"section\" data-settings=\"{&quot;background_background&quot;:&quot;classic&quot;}\">\n\t\t\t\t\t\t\t<div class=\"elementor-background-overlay\"><\/div>\n\t\t\t\t\t\t\t<div class=\"elementor-container elementor-column-gap-default\">\n\t\t\t\t\t<div class=\"elementor-column elementor-col-100 elementor-inner-column elementor-element elementor-element-4850b5b4\" data-id=\"4850b5b4\" data-element_type=\"column\">\n\t\t\t<div class=\"elementor-widget-wrap elementor-element-populated\">\n\t\t\t\t\t\t<div class=\"elementor-element elementor-element-49169db3 elementor-widget elementor-widget-heading\" data-id=\"49169db3\" data-element_type=\"widget\" data-widget_type=\"heading.default\">\n\t\t\t\t<div class=\"elementor-widget-container\">\n\t\t\t\t\t<div class=\"elementor-heading-title elementor-size-default\">Rinnai - C40<\/div>\t\t\t\t<\/div>\n\t\t\t\t<\/div>\n\t\t\t\t\t<\/div>\n\t\t<\/div>\n\t\t\t\t\t<\/div>\n\t\t<\/section>\n\t\t\t\t<div class=\"elementor-element elementor-element-16d94f4 elementor-widget elementor-widget-image\" data-id=\"16d94f4\" data-element_type=\"widget\" data-widget_type=\"image.default\">\n\t\t\t\t<div class=\"elementor-widget-container\">\n\t\t\t\t\t\t\t\t\t\t\t\t\t\t\t<img fetchpriority=\"high\" decoding=\"async\" width=\"800\" height=\"640\" src=\"https:\/\/infraaquecedores.com.br\/wp-content\/uploads\/2024\/01\/1-20.png\" class=\"attachment-large size-large wp-image-496\" alt=\"\" srcset=\"https:\/\/infraaquecedores.com.br\/wp-content\/uploads\/2024\/01\/1-20.png 1000w, https:\/\/infraaquecedores.com.br\/wp-content\/uploads\/2024\/01\/1-20-300x240.png 300w, https:\/\/infraaquecedores.com.br\/wp-content\/uploads\/2024\/01\/1-20-768x614.png 768w\" sizes=\"(max-width: 800px) 100vw, 800px\" \/>\t\t\t\t\t\t\t\t\t\t\t\t\t\t\t<\/div>\n\t\t\t\t<\/div>\n\t\t\t\t<div class=\"elementor-element elementor-element-28b4a96b elementor-align-justify elementor-widget elementor-widget-button\" data-id=\"28b4a96b\" data-element_type=\"widget\" data-widget_type=\"button.default\">\n\t\t\t\t<div class=\"elementor-widget-container\">\n\t\t\t\t\t\t\t\t\t<div class=\"elementor-button-wrapper\">\n\t\t\t\t\t<a class=\"elementor-button elementor-button-link elementor-size-md\" href=\"https:\/\/api.whatsapp.com\/send?phone=5511963400475&#038;text=Ol%C3%A1,%20tenho%20interesse%20em%20adquirir%20o%20aquecedor%20Rinnai%20C40,%20pode%20me%20ajudar?\">\n\t\t\t\t\t\t<span class=\"elementor-button-content-wrapper\">\n\t\t\t\t\t\t\t\t\t<span class=\"elementor-button-text\">COMPRAR<\/span>\n\t\t\t\t\t<\/span>\n\t\t\t\t\t<\/a>\n\t\t\t\t<\/div>\n\t\t\t\t\t\t\t\t<\/div>\n\t\t\t\t<\/div>\n\t\t\t\t<div class=\"elementor-element elementor-element-1495558 elementor-align-justify elementor-widget elementor-widget-button\" data-id=\"1495558\" data-element_type=\"widget\" data-widget_type=\"button.default\">\n\t\t\t\t<div class=\"elementor-widget-container\">\n\t\t\t\t\t\t\t\t\t<div class=\"elementor-button-wrapper\">\n\t\t\t\t\t<a class=\"elementor-button elementor-button-link elementor-size-md\" href=\"https:\/\/www.rinnai.com.br\/uploads\/catalogo\/211.pdf\">\n\t\t\t\t\t\t<span class=\"elementor-button-content-wrapper\">\n\t\t\t\t\t\t<span class=\"elementor-button-icon\">\n\t\t\t\t<svg aria-hidden=\"true\" class=\"e-font-icon-svg e-fas-file-pdf\" viewBox=\"0 0 384 512\" xmlns=\"http:\/\/www.w3.org\/2000\/svg\"><path d=\"M181.9 256.1c-5-16-4.9-46.9-2-46.9 8.4 0 7.6 36.9 2 46.9zm-1.7 47.2c-7.7 20.2-17.3 43.3-28.4 62.7 18.3-7 39-17.2 62.9-21.9-12.7-9.6-24.9-23.4-34.5-40.8zM86.1 428.1c0 .8 13.2-5.4 34.9-40.2-6.7 6.3-29.1 24.5-34.9 40.2zM248 160h136v328c0 13.3-10.7 24-24 24H24c-13.3 0-24-10.7-24-24V24C0 10.7 10.7 0 24 0h200v136c0 13.2 10.8 24 24 24zm-8 171.8c-20-12.2-33.3-29-42.7-53.8 4.5-18.5 11.6-46.6 6.2-64.2-4.7-29.4-42.4-26.5-47.8-6.8-5 18.3-.4 44.1 8.1 77-11.6 27.6-28.7 64.6-40.8 85.8-.1 0-.1.1-.2.1-27.1 13.9-73.6 44.5-54.5 68 5.6 6.9 16 10 21.5 10 17.9 0 35.7-18 61.1-61.8 25.8-8.5 54.1-19.1 79-23.2 21.7 11.8 47.1 19.5 64 19.5 29.2 0 31.2-32 19.7-43.4-13.9-13.6-54.3-9.7-73.6-7.2zM377 105L279 7c-4.5-4.5-10.6-7-17-7h-6v128h128v-6.1c0-6.3-2.5-12.4-7-16.9zm-74.1 255.3c4.1-2.7-2.5-11.9-42.8-9 37.1 15.8 42.8 9 42.8 9z\"><\/path><\/svg>\t\t\t<\/span>\n\t\t\t\t\t\t\t\t\t<span class=\"elementor-button-text\">CAT\u00c1LOGO<\/span>\n\t\t\t\t\t<\/span>\n\t\t\t\t\t<\/a>\n\t\t\t\t<\/div>\n\t\t\t\t\t\t\t\t<\/div>\n\t\t\t\t<\/div>\n\t\t\t\t\t<\/div>\n\t\t<\/div>\n\t\t\t\t<div class=\"elementor-column elementor-col-66 elementor-top-column elementor-element elementor-element-1ebe1f8a elementor-invisible\" data-id=\"1ebe1f8a\" data-element_type=\"column\" data-settings=\"{&quot;animation&quot;:&quot;fadeIn&quot;,&quot;animation_delay&quot;:200}\">\n\t\t\t<div class=\"elementor-widget-wrap elementor-element-populated\">\n\t\t\t\t\t\t<div class=\"elementor-element elementor-element-5580a2c3 elementor-skin-carousel elementor-pagination-type-bullets elementor-pagination-position-outside elementor-widget elementor-widget-media-carousel\" data-id=\"5580a2c3\" data-element_type=\"widget\" data-settings=\"{&quot;slides_per_view&quot;:&quot;3&quot;,&quot;slides_to_scroll&quot;:&quot;1&quot;,&quot;lazyload&quot;:&quot;yes&quot;,&quot;space_between&quot;:{&quot;unit&quot;:&quot;px&quot;,&quot;size&quot;:14,&quot;sizes&quot;:[]},&quot;skin&quot;:&quot;carousel&quot;,&quot;effect&quot;:&quot;slide&quot;,&quot;pagination&quot;:&quot;bullets&quot;,&quot;speed&quot;:500,&quot;autoplay&quot;:&quot;yes&quot;,&quot;autoplay_speed&quot;:5000,&quot;loop&quot;:&quot;yes&quot;,&quot;pause_on_hover&quot;:&quot;yes&quot;,&quot;pause_on_interaction&quot;:&quot;yes&quot;,&quot;space_between_tablet&quot;:{&quot;unit&quot;:&quot;px&quot;,&quot;size&quot;:10,&quot;sizes&quot;:[]},&quot;space_between_mobile&quot;:{&quot;unit&quot;:&quot;px&quot;,&quot;size&quot;:10,&quot;sizes&quot;:[]}}\" data-widget_type=\"media-carousel.default\">\n\t\t\t\t<div class=\"elementor-widget-container\">\n\t\t\t\t\t\t\t<div class=\"elementor-swiper\">\n\t\t\t<div class=\"elementor-main-swiper swiper\">\n\t\t\t\t<div class=\"swiper-wrapper\">\n\t\t\t\t\t\t\t\t\t\t\t<div class=\"swiper-slide\">\n\t\t\t\t\t\t\t\t\t<div class=\"elementor-carousel-image swiper-lazy\" role=\"img\" aria-label=\"2\" data-background=\"https:\/\/infraaquecedores.com.br\/wp-content\/uploads\/2024\/01\/2-21.png\">\n\n\t\t\t\t\t\t\t<div class=\"swiper-lazy-preloader\"><\/div>\n\t\t\t\n\t\t\t\t\t<\/div>\n\t\t\t\t\t\t\t\t<\/div>\n\t\t\t\t\t\t\t\t\t\t\t<div class=\"swiper-slide\">\n\t\t\t\t\t\t\t\t\t<div class=\"elementor-carousel-image swiper-lazy\" role=\"img\" aria-label=\"3\" data-background=\"https:\/\/infraaquecedores.com.br\/wp-content\/uploads\/2024\/01\/3-21.png\">\n\n\t\t\t\t\t\t\t<div class=\"swiper-lazy-preloader\"><\/div>\n\t\t\t\n\t\t\t\t\t<\/div>\n\t\t\t\t\t\t\t\t<\/div>\n\t\t\t\t\t\t\t\t\t\t\t<div class=\"swiper-slide\">\n\t\t\t\t\t\t\t\t\t<div class=\"elementor-carousel-image swiper-lazy\" role=\"img\" aria-label=\"4\" data-background=\"https:\/\/infraaquecedores.com.br\/wp-content\/uploads\/2024\/01\/4-15.png\">\n\n\t\t\t\t\t\t\t<div class=\"swiper-lazy-preloader\"><\/div>\n\t\t\t\n\t\t\t\t\t<\/div>\n\t\t\t\t\t\t\t\t<\/div>\n\t\t\t\t\t\t\t\t\t\t\t<div class=\"swiper-slide\">\n\t\t\t\t\t\t\t\t\t<div class=\"elementor-carousel-image swiper-lazy\" role=\"img\" aria-label=\"5\" data-background=\"https:\/\/infraaquecedores.com.br\/wp-content\/uploads\/2024\/01\/5-13.png\">\n\n\t\t\t\t\t\t\t<div class=\"swiper-lazy-preloader\"><\/div>\n\t\t\t\n\t\t\t\t\t<\/div>\n\t\t\t\t\t\t\t\t<\/div>\n\t\t\t\t\t\t\t\t\t\t\t<div class=\"swiper-slide\">\n\t\t\t\t\t\t\t\t\t<div class=\"elementor-carousel-image swiper-lazy\" role=\"img\" aria-label=\"6\" data-background=\"https:\/\/infraaquecedores.com.br\/wp-content\/uploads\/2024\/01\/6-6.png\">\n\n\t\t\t\t\t\t\t<div class=\"swiper-lazy-preloader\"><\/div>\n\t\t\t\n\t\t\t\t\t<\/div>\n\t\t\t\t\t\t\t\t<\/div>\n\t\t\t\t\t\t\t\t\t\t\t<div class=\"swiper-slide\">\n\t\t\t\t\t\t\t\t\t<div class=\"elementor-carousel-image swiper-lazy\" role=\"img\" aria-label=\"7\" data-background=\"https:\/\/infraaquecedores.com.br\/wp-content\/uploads\/2024\/01\/7-2.png\">\n\n\t\t\t\t\t\t\t<div class=\"swiper-lazy-preloader\"><\/div>\n\t\t\t\n\t\t\t\t\t<\/div>\n\t\t\t\t\t\t\t\t<\/div>\n\t\t\t\t\t\t\t\t\t\t\t<div class=\"swiper-slide\">\n\t\t\t\t\t\t\t\t\t<div class=\"elementor-carousel-image swiper-lazy\" role=\"img\" aria-label=\"8\" data-background=\"https:\/\/infraaquecedores.com.br\/wp-content\/uploads\/2024\/01\/8-2.png\">\n\n\t\t\t\t\t\t\t<div class=\"swiper-lazy-preloader\"><\/div>\n\t\t\t\n\t\t\t\t\t<\/div>\n\t\t\t\t\t\t\t\t<\/div>\n\t\t\t\t\t\t\t\t\t<\/div>\n\t\t\t\t\t\t\t\t\t\t\t\t\t\t\t<div class=\"swiper-pagination\"><\/div>\n\t\t\t\t\t\t\t\t\t\t\t\t\t\t\t\t\t<\/div>\n\t\t<\/div>\n\t\t\t\t\t\t<\/div>\n\t\t\t\t<\/div>\n\t\t\t\t<div class=\"elementor-element elementor-element-284243e1 elementor-widget elementor-widget-heading\" data-id=\"284243e1\" data-element_type=\"widget\" data-widget_type=\"heading.default\">\n\t\t\t\t<div class=\"elementor-widget-container\">\n\t\t\t\t\t<h3 class=\"elementor-heading-title elementor-size-default\">diSCRIMINA\u00c7\u00c3O DO PRODUTO<\/h3>\t\t\t\t<\/div>\n\t\t\t\t<\/div>\n\t\t\t\t<div class=\"elementor-element elementor-element-384fb5c elementor-widget elementor-widget-image\" data-id=\"384fb5c\" data-element_type=\"widget\" data-widget_type=\"image.default\">\n\t\t\t\t<div class=\"elementor-widget-container\">\n\t\t\t\t\t\t\t\t\t\t\t\t\t\t\t<img decoding=\"async\" width=\"759\" height=\"443\" src=\"https:\/\/infraaquecedores.com.br\/wp-content\/uploads\/2024\/02\/Captura-de-tela-2024-02-07-002649.png\" class=\"attachment-large size-large wp-image-1416\" alt=\"\" srcset=\"https:\/\/infraaquecedores.com.br\/wp-content\/uploads\/2024\/02\/Captura-de-tela-2024-02-07-002649.png 759w, https:\/\/infraaquecedores.com.br\/wp-content\/uploads\/2024\/02\/Captura-de-tela-2024-02-07-002649-300x175.png 300w\" sizes=\"(max-width: 759px) 100vw, 759px\" \/>\t\t\t\t\t\t\t\t\t\t\t\t\t\t\t<\/div>\n\t\t\t\t<\/div>\n\t\t\t\t<div class=\"elementor-element elementor-element-51e6196c elementor-widget elementor-widget-text-editor\" data-id=\"51e6196c\" data-element_type=\"widget\" data-widget_type=\"text-editor.default\">\n\t\t\t\t<div class=\"elementor-widget-container\">\n\t\t\t\t\t\t\t\t\t<p>No sistema de condensa\u00e7\u00e3o o calor da exaust\u00e3o \u00e9 redirecionado e reaproveitado no aquecimento da \u00e1gua, diferentemente dos aquecedores sem tecnologia de condensa\u00e7\u00e3o, onde esta energia \u00e9 perdida pela chamin\u00e9. Para quem usa, isso significa uma conta de g\u00e1s compat\u00edvel com um aquecedor de pot\u00eancia menor. Para o meio ambiente, s\u00e3o menos recursos naturais sendo desperdi\u00e7ados e emiss\u00f5es mais limpas para a atmosfera.<\/p>\t\t\t\t\t\t\t\t<\/div>\n\t\t\t\t<\/div>\n\t\t\t\t<div class=\"elementor-element elementor-element-6b403285 elementor-widget elementor-widget-text-editor\" data-id=\"6b403285\" data-element_type=\"widget\" data-widget_type=\"text-editor.default\">\n\t\t\t\t<div class=\"elementor-widget-container\">\n\t\t\t\t\t\t\t\t\t<div class=\"col-md-6\"><div class=\"mt-2\"><div class=\"col-md-6\"><div class=\"mt-2\"><div class=\"col-md-6\"><div class=\"mt-2\"><img decoding=\"async\" src=\"https:\/\/www.rinnai.com.br\/content\/uploads\/icones-caracteristicas\/39e0a6ad7440c67c35265b670f7b3a38.png\" \/>\u00a0<span class=\"ml-1\">Exaust\u00e3o For\u00e7ada<\/span><\/div><div class=\"mt-2\"><img decoding=\"async\" src=\"https:\/\/www.rinnai.com.br\/content\/uploads\/icones-caracteristicas\/71f667c2851fde9f1ce137d15126a84d.png\" \/>\u00a0<span class=\"ml-1\">Fluxo Balanceado<\/span><\/div><div class=\"mt-2\"><img decoding=\"async\" src=\"https:\/\/www.rinnai.com.br\/content\/uploads\/icones-caracteristicas\/bb5d477d57b0d877e83f8d4e2ff9b0ab.png\" \/>\u00a0<span class=\"ml-1\">Compat\u00edvel com acess\u00f3rio WIFI<\/span><\/div><div class=\"mt-2\"><img decoding=\"async\" src=\"https:\/\/www.rinnai.com.br\/content\/uploads\/icones-caracteristicas\/25784facb60ac08bfd6c84ff5496b4ad.png\" \/>\u00a0<span class=\"ml-1\">Fun\u00e7\u00e3o Solar<\/span><\/div><div class=\"mt-2\"><img decoding=\"async\" src=\"https:\/\/www.rinnai.com.br\/content\/uploads\/icones-caracteristicas\/a7700ea9c4dc071d46c428803943ae6b.png\" \/>\u00a0<span class=\"ml-1\">Dispon\u00edvel na cor prata<\/span><\/div><div class=\"mt-2\"><img decoding=\"async\" src=\"https:\/\/www.rinnai.com.br\/content\/uploads\/icones-caracteristicas\/21b713e79b7db67ba0e1717b85e93c74.png\" \/>\u00a0<span class=\"ml-1\">Servo V\u00e1lvula (Prioriza\u00e7\u00e3o da temperatura)<\/span><\/div><div class=\"mt-2\"><img decoding=\"async\" src=\"https:\/\/www.rinnai.com.br\/content\/uploads\/icones-caracteristicas\/6707747c0ef111274a4d75769f29e119.png\" \/>\u00a0<span class=\"ml-1\">Sistemas de Seguran\u00e7a Integrados<\/span><\/div><div class=\"mt-2\"><img decoding=\"async\" src=\"https:\/\/www.rinnai.com.br\/content\/uploads\/icones-caracteristicas\/5c10a8cce25933b6602be74cb9f62ac5.png\" \/>\u00a0<span class=\"ml-1\">Linha Industrial<\/span><\/div><\/div><div class=\"col-md-6\"><div class=\"mt-2\"><img decoding=\"async\" src=\"https:\/\/www.rinnai.com.br\/content\/uploads\/icones-caracteristicas\/f9382d39c3f24ba9547a75f52e6032ed.png\" \/>\u00a0<span class=\"ml-1\">Tecnologia Condensing<\/span><\/div><div class=\"mt-2\"><img decoding=\"async\" src=\"https:\/\/www.rinnai.com.br\/content\/uploads\/icones-caracteristicas\/a4de73f80083bc14e4b7084be9d5afe7.png\" \/>\u00a0<span class=\"ml-1\">Duto conc\u00eantrico especial<\/span><\/div><div class=\"mt-2\"><img decoding=\"async\" src=\"https:\/\/www.rinnai.com.br\/content\/uploads\/icones-caracteristicas\/f0c82228a2f7b9a9c5ac60a1365b3628.png\" \/>\u00a0<span class=\"ml-1\">Identifica\u00e7\u00e3o digital de c\u00f3digos de erro<\/span><\/div><div class=\"mt-2\"><img decoding=\"async\" src=\"https:\/\/www.rinnai.com.br\/content\/uploads\/icones-caracteristicas\/ec59ba3003d17082fe9dc678dfec6b0e.png\" \/>\u00a0<span class=\"ml-1\">Acendimento autom\u00e1tico<\/span><\/div><div class=\"mt-2\"><img decoding=\"async\" src=\"https:\/\/www.rinnai.com.br\/content\/uploads\/icones-caracteristicas\/9e3f78f0c9d9301ffd19e53922c39914.png\" \/>\u00a0<span class=\"ml-1\">Alta pot\u00eancia<\/span><\/div><div class=\"mt-2\"><img decoding=\"async\" src=\"https:\/\/www.rinnai.com.br\/content\/uploads\/icones-caracteristicas\/a8b555e25e17c30bfc315ffd37d43c65.png\" \/>\u00a0<span class=\"ml-1\">3 anos de garantia (1 ano se instala\u00e7\u00e3o em uso comercial\/industrial\/intenso) *<\/span><\/div><div class=\"mt-2\"><img decoding=\"async\" src=\"https:\/\/www.rinnai.com.br\/content\/uploads\/icones-caracteristicas\/9ffdcf883aedd16106b13dcda00f49b2.png\" \/>\u00a0<span class=\"ml-1\">Fabricado no Jap\u00e3o<\/span><\/div><div class=\"mt-2\"><img decoding=\"async\" src=\"https:\/\/www.rinnai.com.br\/content\/uploads\/icones-caracteristicas\/0f7ecad0627c966743883f84d3f4ce71.png\" \/>\u00a0<span class=\"ml-1\">Digital<\/span><\/div><\/div><\/div><\/div><\/div><\/div>\t\t\t\t\t\t\t\t<\/div>\n\t\t\t\t<\/div>\n\t\t\t\t<div class=\"elementor-element elementor-element-73dcdc1 elementor-widget elementor-widget-image\" data-id=\"73dcdc1\" data-element_type=\"widget\" data-widget_type=\"image.default\">\n\t\t\t\t<div class=\"elementor-widget-container\">\n\t\t\t\t\t\t\t\t\t\t\t\t\t\t\t<img decoding=\"async\" width=\"777\" height=\"804\" src=\"https:\/\/infraaquecedores.com.br\/wp-content\/uploads\/2024\/02\/Captura-de-tela-2024-02-07-002757.png\" class=\"attachment-large size-large wp-image-1417\" alt=\"\" srcset=\"https:\/\/infraaquecedores.com.br\/wp-content\/uploads\/2024\/02\/Captura-de-tela-2024-02-07-002757.png 777w, https:\/\/infraaquecedores.com.br\/wp-content\/uploads\/2024\/02\/Captura-de-tela-2024-02-07-002757-290x300.png 290w, https:\/\/infraaquecedores.com.br\/wp-content\/uploads\/2024\/02\/Captura-de-tela-2024-02-07-002757-768x795.png 768w\" sizes=\"(max-width: 777px) 100vw, 777px\" \/>\t\t\t\t\t\t\t\t\t\t\t\t\t\t\t<\/div>\n\t\t\t\t<\/div>\n\t\t\t\t<div class=\"elementor-element elementor-element-532e0e60 elementor-widget elementor-widget-text-editor\" data-id=\"532e0e60\" data-element_type=\"widget\" data-widget_type=\"text-editor.default\">\n\t\t\t\t<div class=\"elementor-widget-container\">\n\t\t\t\t\t\t\t\t\t<table border=\"1\" cellspacing=\"0\" cellpadding=\"1\"><tbody><tr><td>Dimens\u00f5es (mm) AxLxP<\/td><td colspan=\"2\">670 x 470 x 276<\/td><\/tr><tr><td>Tipo de g\u00e1s<\/td><td>GLP<\/td><td>GN<\/td><\/tr><tr><td>Pot\u00eancia Nominal Condi\u00e7\u00e3o Padr\u00e3o<\/td><td>49.794 (kcal\/h)<\/td><td>49.794\u00a0(kcal\/h)<\/td><\/tr><tr><td>Consumo M\u00e1ximo de G\u00e1s<\/td><td>4,20 Kg\/h<\/td><td>5,23 m\u00b3\/h<\/td><\/tr><tr><td>Vaz\u00e3o aproximada de \u00c1gua 20\u00ba (com misturador)<\/td><td>40,0 l\/min<\/td><td>40,0 l\/min<\/td><\/tr><tr><td rowspan=\"1\">Rendimento (%)<\/td><td>96 %<\/td><td>96 %<\/td><\/tr><tr><td>Di\u00e2metro da Chamin\u00e9<\/td><td colspan=\"2\">Conc\u00eantrico: 125\/80 mm \/ Exc\u00eantrico: 60\/60 mm\u00a0<\/td><\/tr><tr><td>Exaust\u00e3o<\/td><td colspan=\"2\">Exaust\u00e3o For\u00e7ada ou Fluxo Balanceado<\/td><\/tr><tr><td>Alimenta\u00e7\u00e3o el\u00e9trica<\/td><td>220V<\/td><td>220V<\/td><\/tr><tr><td>Classifica\u00e7\u00e3o PBE<\/td><td>A<\/td><td>A<\/td><\/tr><\/tbody><\/table><p><em>N\u00e3o utilizar para aquecimento de piscinas, mesmo com o uso de trocador de calor indireto. N\u00e3o utilizar em locais m\u00f3veis (motor homes por exemplo). N\u00e3o utilizar dutos de alum\u00ednio corrugado para a instala\u00e7\u00e3o do sistema de exaust\u00e3o, apenas utilizar os materiais especificados no manual.<\/em><\/p>\t\t\t\t\t\t\t\t<\/div>\n\t\t\t\t<\/div>\n\t\t\t\t\t<\/div>\n\t\t<\/div>\n\t\t\t\t\t<\/div>\n\t\t<\/section>\n\t\t\t\t<\/div>\n\t\t","protected":false},"excerpt":{"rendered":"<p>Rinnai &#8211; C40 COMPRAR CAT\u00c1LOGO diSCRIMINA\u00c7\u00c3O DO PRODUTO No sistema de condensa\u00e7\u00e3o o calor da exaust\u00e3o \u00e9 redirecionado e reaproveitado no aquecimento da \u00e1gua, diferentemente dos aquecedores sem tecnologia de condensa\u00e7\u00e3o, onde esta energia \u00e9 perdida pela chamin\u00e9. Para quem usa, isso significa uma conta de g\u00e1s compat\u00edvel com um aquecedor de pot\u00eancia menor. Para [&hellip;]<\/p>\n","protected":false},"author":1,"featured_media":0,"parent":0,"menu_order":0,"comment_status":"closed","ping_status":"closed","template":"","meta":{"om_disable_all_campaigns":false,"_monsterinsights_skip_tracking":false,"_monsterinsights_sitenote_active":false,"_monsterinsights_sitenote_note":"","_monsterinsights_sitenote_category":0,"footnotes":"","_joinchat":[]},"aioseo_notices":[],"_links":{"self":[{"href":"https:\/\/infraaquecedores.com.br\/index.php\/wp-json\/wp\/v2\/pages\/568"}],"collection":[{"href":"https:\/\/infraaquecedores.com.br\/index.php\/wp-json\/wp\/v2\/pages"}],"about":[{"href":"https:\/\/infraaquecedores.com.br\/index.php\/wp-json\/wp\/v2\/types\/page"}],"author":[{"embeddable":true,"href":"https:\/\/infraaquecedores.com.br\/index.php\/wp-json\/wp\/v2\/users\/1"}],"replies":[{"embeddable":true,"href":"https:\/\/infraaquecedores.com.br\/index.php\/wp-json\/wp\/v2\/comments?post=568"}],"version-history":[{"count":7,"href":"https:\/\/infraaquecedores.com.br\/index.php\/wp-json\/wp\/v2\/pages\/568\/revisions"}],"predecessor-version":[{"id":1420,"href":"https:\/\/infraaquecedores.com.br\/index.php\/wp-json\/wp\/v2\/pages\/568\/revisions\/1420"}],"wp:attachment":[{"href":"https:\/\/infraaquecedores.com.br\/index.php\/wp-json\/wp\/v2\/media?parent=568"}],"curies":[{"name":"wp","href":"https:\/\/api.w.org\/{rel}","templated":true}]}}